{"id":887,"date":"2020-09-17T09:43:35","date_gmt":"2020-09-17T07:43:35","guid":{"rendered":"https:\/\/showcase4.better-hotel.com\/?page_id=887"},"modified":"2024-05-09T17:55:30","modified_gmt":"2024-05-09T15:55:30","slug":"o-nas","status":"publish","type":"page","link":"https:\/\/better-hotel.com\/en\/sources\/about-us\/","title":{"rendered":"About Us"},"content":{"rendered":"<div data-elementor-type=\"wp-page\" data-elementor-id=\"887\" class=\"elementor elementor-887\" data-elementor-settings=\"[]\">\n\t\t\t\t\t\t<div class=\"elementor-inner\">\n\t\t\t\t\t\t\t<div class=\"elementor-section-wrap\">\n\t\t\t\t\t\t\t<section class=\"elementor-section elementor-top-section elementor-element elementor-element-86ad6c4 elementor-section-full_width elementor-section-height-default elementor-section-height-default\" data-id=\"86ad6c4\" data-element_type=\"section\" data-settings=\"{&quot;background_background&quot;:&quot;classic&quot;}\">\n\t\t\t\t\t\t<div class=\"elementor-container elementor-column-gap-default\">\n\t\t\t\t\t\t\t<div class=\"elementor-row\">\n\t\t\t\t\t<div class=\"elementor-column elementor-col-100 elementor-top-column elementor-element elementor-element-441f80d\" data-id=\"441f80d\" data-element_type=\"column\">\n\t\t\t<div class=\"elementor-column-wrap elementor-element-populated\">\n\t\t\t\t\t\t\t<div class=\"elementor-widget-wrap\">\n\t\t\t\t\t\t<div class=\"elementor-element elementor-element-7da7dfb elementor-widget elementor-widget-heading\" data-id=\"7da7dfb\" data-element_type=\"widget\" data-widget_type=\"heading.default\">\n\t\t\t\t<div class=\"elementor-widget-container\">\n\t\t\t<h1 class=\"elementor-heading-title elementor-size-default\"><br>Jsme Better Hotel a tohle je n\u00e1\u0161 p\u0159\u00edb\u011bh...<br>          <br><\/h1>\t\t<\/div>\n\t\t\t\t<\/div>\n\t\t\t\t\t\t<\/div>\n\t\t\t\t\t<\/div>\n\t\t<\/div>\n\t\t\t\t\t\t\t\t<\/div>\n\t\t\t\t\t<\/div>\n\t\t<\/section>\n\t\t\t\t<section class=\"elementor-section elementor-top-section elementor-element elementor-element-a9cfefc elementor-section-full_width elementor-section-height-default elementor-section-height-default\" data-id=\"a9cfefc\" data-element_type=\"section\">\n\t\t\t\t\t\t<div class=\"elementor-container elementor-column-gap-default\">\n\t\t\t\t\t\t\t<div class=\"elementor-row\">\n\t\t\t\t\t<div class=\"elementor-column elementor-col-100 elementor-top-column elementor-element elementor-element-db76eee\" data-id=\"db76eee\" data-element_type=\"column\">\n\t\t\t<div class=\"elementor-column-wrap elementor-element-populated\">\n\t\t\t\t\t\t\t<div class=\"elementor-widget-wrap\">\n\t\t\t\t\t\t<div class=\"elementor-element elementor-element-b34145b elementor-widget elementor-widget-text-editor\" data-id=\"b34145b\" data-element_type=\"widget\" data-widget_type=\"text-editor.default\">\n\t\t\t\t<div class=\"elementor-widget-container\">\n\t\t\t\t\t<div class=\"elementor-text-editor elementor-clearfix\"><p>Our journey began in 2014 with the idea of \u200b\u200bcreating a simple reservation system for a small mountain guesthouse in order to simplify life for its owners.<\/p><p>They could not find any suitable software solution that was flexible and affordable at the same time. The absence of a quality operating system on the market and the lack of a qualified workforce in the field meant that the agenda slowly but surely began to grow over their heads and it was necessary to look for new ways to get out of it. Even today, hospitality is constantly confronted with a growing administration and a lack of a quality workforce a nd many times, hoteliers do not have time to devote to their guests and improve their services.<\/p><p>Since the beginning, we have therefore wanted to go against established stereotypes and do things differently - simply and deftly. We wanted to create a product that will not only show the owners numbers and names, but will actively save as much valuable time as possible. We were able to automate or simplify all time-consuming and repetitive processes using modern technologies. For example, we created the whole system in the cloud from the beginning so that everything could be easily managed from anywhere and from any device.<\/p><\/div>\n\t\t\t\t<\/div>\n\t\t\t\t<\/div>\n\t\t\t\t\t\t<\/div>\n\t\t\t\t\t<\/div>\n\t\t<\/div>\n\t\t\t\t\t\t\t\t<\/div>\n\t\t\t\t\t<\/div>\n\t\t<\/section>\n\t\t\t\t<section class=\"elementor-section elementor-top-section elementor-element elementor-element-8fc8556 elementor-section-boxed elementor-section-height-default elementor-section-height-default\" data-id=\"8fc8556\" data-element_type=\"section\">\n\t\t\t\t\t\t<div class=\"elementor-container elementor-column-gap-default\">\n\t\t\t\t\t\t\t<div class=\"elementor-row\">\n\t\t\t\t\t<div class=\"elementor-column elementor-col-50 elementor-top-column elementor-element elementor-element-efef7c9 second\" data-id=\"efef7c9\" data-element_type=\"column\">\n\t\t\t<div class=\"elementor-column-wrap elementor-element-populated\">\n\t\t\t\t\t\t\t<div class=\"elementor-widget-wrap\">\n\t\t\t\t\t\t<div class=\"elementor-element elementor-element-d5a1151 elementor-invisible elementor-widget elementor-widget-image\" data-id=\"d5a1151\" data-element_type=\"widget\" data-settings=\"{&quot;_animation&quot;:&quot;fadeInLeft&quot;}\" data-widget_type=\"image.default\">\n\t\t\t\t<div class=\"elementor-widget-container\">\n\t\t\t\t\t<div class=\"elementor-image\">\n\t\t\t\t\t\t\t\t\t\t<img loading=\"lazy\" width=\"800\" height=\"600\" src=\"https:\/\/better-hotel.com\/wp-content\/uploads\/sites\/11\/2020\/09\/mevris-meetup.jpg\" class=\"attachment-large size-large\" alt=\"\" decoding=\"async\" srcset=\"https:\/\/better-hotel.com\/wp-content\/uploads\/sites\/11\/2020\/09\/mevris-meetup.jpg 1000w, https:\/\/better-hotel.com\/wp-content\/uploads\/sites\/11\/2020\/09\/mevris-meetup-300x225.jpg 300w, https:\/\/better-hotel.com\/wp-content\/uploads\/sites\/11\/2020\/09\/mevris-meetup-768x576.jpg 768w\" sizes=\"(max-width: 800px) 100vw, 800px\" \/>\t\t\t\t\t\t\t\t\t\t\t<\/div>\n\t\t\t\t<\/div>\n\t\t\t\t<\/div>\n\t\t\t\t\t\t<\/div>\n\t\t\t\t\t<\/div>\n\t\t<\/div>\n\t\t\t\t<div class=\"elementor-column elementor-col-50 elementor-top-column elementor-element elementor-element-3c8a587\" data-id=\"3c8a587\" data-element_type=\"column\">\n\t\t\t<div class=\"elementor-column-wrap elementor-element-populated\">\n\t\t\t\t\t\t\t<div class=\"elementor-widget-wrap\">\n\t\t\t\t\t\t<div class=\"elementor-element elementor-element-98c9f05 elementor-widget elementor-widget-text-editor\" data-id=\"98c9f05\" data-element_type=\"widget\" data-widget_type=\"text-editor.default\">\n\t\t\t\t<div class=\"elementor-widget-container\">\n\t\t\t\t\t<div class=\"elementor-text-editor elementor-clearfix\"><p>And so the Better Hotel was created - an innovative solution that allows carefree management of each accommodation facility.<\/p><p>After almost ten years, much has changed. From one person, our team has gradually grown to many talented and passionate people. However, our mission remains the same: We still want to make life easier for hoteliers.<\/p><p>We carefully listen to the needs of clients and their guests. In cooperation with them, we are constantly improving the system and adding new functions to it. Thanks to this, the Better Hotel system today facilitates the work of more than two thousand users in four countries around the world.<\/p><p>Our vision is a smart hotel. It is a hotel that manages itself with the help of technology. A hotel that will not require 100% attention and is immune to human error. A hotel that can anticipate the needs of clients and can offer a top guest experience.<\/p><p>A smart hotel is a concept that allows hoteliers to finally focus on what is really important...<\/p><\/div>\n\t\t\t\t<\/div>\n\t\t\t\t<\/div>\n\t\t\t\t\t\t<\/div>\n\t\t\t\t\t<\/div>\n\t\t<\/div>\n\t\t\t\t\t\t\t\t<\/div>\n\t\t\t\t\t<\/div>\n\t\t<\/section>\n\t\t\t\t<section class=\"elementor-section elementor-top-section elementor-element elementor-element-39822ab4 elementor-section-height-min-height elementor-section-boxed elementor-section-height-default elementor-section-items-middle\" data-id=\"39822ab4\" data-element_type=\"section\" data-settings=\"{&quot;background_background&quot;:&quot;classic&quot;}\">\n\t\t\t\t\t\t<div class=\"elementor-container elementor-column-gap-default\">\n\t\t\t\t\t\t\t<div class=\"elementor-row\">\n\t\t\t\t\t<div class=\"elementor-column elementor-col-100 elementor-top-column elementor-element elementor-element-3598779c\" data-id=\"3598779c\" data-element_type=\"column\">\n\t\t\t<div class=\"elementor-column-wrap elementor-element-populated\">\n\t\t\t\t\t\t\t<div class=\"elementor-widget-wrap\">\n\t\t\t\t\t\t<div class=\"elementor-element elementor-element-64e80dc0 elementor-widget elementor-widget-heading\" data-id=\"64e80dc0\" data-element_type=\"widget\" data-widget_type=\"heading.default\">\n\t\t\t\t<div class=\"elementor-widget-container\">\n\t\t\t<h3 class=\"elementor-heading-title elementor-size-default\">Are you interested in news from the world of hospitality? <\/br>Follow us!<\/h3>\t\t<\/div>\n\t\t\t\t<\/div>\n\t\t\t\t<div class=\"elementor-element elementor-element-4b90244e elementor-position-left elementor-vertical-align-middle elementor-widget__width-auto elementor-widget-mobile__width-auto elementor-view-default elementor-widget elementor-widget-icon-box\" data-id=\"4b90244e\" data-element_type=\"widget\" data-widget_type=\"icon-box.default\">\n\t\t\t\t<div class=\"elementor-widget-container\">\n\t\t\t\t\t<div class=\"elementor-icon-box-wrapper\">\n\t\t\t\t\t\t<div class=\"elementor-icon-box-icon\">\n\t\t\t\t<a class=\"elementor-icon elementor-animation-\" href=\"https:\/\/www.facebook.com\/mevriscz\/\" target=\"_blank\">\n\t\t\t\t<i aria-hidden=\"true\" class=\"fab fa-facebook\"><\/i>\t\t\t\t<\/a>\n\t\t\t<\/div>\n\t\t\t\t\t\t<div class=\"elementor-icon-box-content\">\n\t\t\t\t<h3 class=\"elementor-icon-box-title\">\n\t\t\t\t\t<a href=\"https:\/\/www.facebook.com\/mevriscz\/\" target=\"_blank\">Facebook<\/a>\n\t\t\t\t<\/h3>\n\t\t\t\t\t\t\t<\/div>\n\t\t<\/div>\n\t\t\t\t<\/div>\n\t\t\t\t<\/div>\n\t\t\t\t<div class=\"elementor-element elementor-element-3d5e363a elementor-position-left elementor-vertical-align-middle elementor-widget__width-auto elementor-widget-mobile__width-auto elementor-view-default elementor-widget elementor-widget-icon-box\" data-id=\"3d5e363a\" data-element_type=\"widget\" data-widget_type=\"icon-box.default\">\n\t\t\t\t<div class=\"elementor-widget-container\">\n\t\t\t\t\t<div class=\"elementor-icon-box-wrapper\">\n\t\t\t\t\t\t<div class=\"elementor-icon-box-icon\">\n\t\t\t\t<a class=\"elementor-icon elementor-animation-\" href=\"https:\/\/www.linkedin.com\/company\/mevriscz\" target=\"_blank\">\n\t\t\t\t<i aria-hidden=\"true\" class=\"fab fa-linkedin\"><\/i>\t\t\t\t<\/a>\n\t\t\t<\/div>\n\t\t\t\t\t\t<div class=\"elementor-icon-box-content\">\n\t\t\t\t<h3 class=\"elementor-icon-box-title\">\n\t\t\t\t\t<a href=\"https:\/\/www.linkedin.com\/company\/mevriscz\" target=\"_blank\">LinkedIn<\/a>\n\t\t\t\t<\/h3>\n\t\t\t\t\t\t\t<\/div>\n\t\t<\/div>\n\t\t\t\t<\/div>\n\t\t\t\t<\/div>\n\t\t\t\t<div class=\"elementor-element elementor-element-34594f25 elementor-position-left elementor-vertical-align-middle elementor-widget__width-auto elementor-widget-mobile__width-auto elementor-view-default elementor-widget elementor-widget-icon-box\" data-id=\"34594f25\" data-element_type=\"widget\" data-widget_type=\"icon-box.default\">\n\t\t\t\t<div class=\"elementor-widget-container\">\n\t\t\t\t\t<div class=\"elementor-icon-box-wrapper\">\n\t\t\t\t\t\t<div class=\"elementor-icon-box-icon\">\n\t\t\t\t<a class=\"elementor-icon elementor-animation-\" href=\"https:\/\/www.instagram.com\/mevriscz\/\" target=\"_blank\">\n\t\t\t\t<i aria-hidden=\"true\" class=\"fab fa-instagram\"><\/i>\t\t\t\t<\/a>\n\t\t\t<\/div>\n\t\t\t\t\t\t<div class=\"elementor-icon-box-content\">\n\t\t\t\t<h3 class=\"elementor-icon-box-title\">\n\t\t\t\t\t<a href=\"https:\/\/www.instagram.com\/mevriscz\/\" target=\"_blank\">Instagram<\/a>\n\t\t\t\t<\/h3>\n\t\t\t\t\t\t\t<\/div>\n\t\t<\/div>\n\t\t\t\t<\/div>\n\t\t\t\t<\/div>\n\t\t\t\t\t\t<\/div>\n\t\t\t\t\t<\/div>\n\t\t<\/div>\n\t\t\t\t\t\t\t\t<\/div>\n\t\t\t\t\t<\/div>\n\t\t<\/section>\n\t\t\t\t<section class=\"elementor-section elementor-top-section elementor-element elementor-element-55e06a32 elementor-section-boxed elementor-section-height-default elementor-section-height-default\" data-id=\"55e06a32\" data-element_type=\"section\" data-settings=\"{&quot;background_background&quot;:&quot;classic&quot;}\">\n\t\t\t\t\t\t<div class=\"elementor-container elementor-column-gap-default\">\n\t\t\t\t\t\t\t<div class=\"elementor-row\">\n\t\t\t\t\t<div class=\"elementor-column elementor-col-66 elementor-top-column elementor-element elementor-element-697a6813 second\" data-id=\"697a6813\" data-element_type=\"column\">\n\t\t\t<div class=\"elementor-column-wrap elementor-element-populated\">\n\t\t\t\t\t\t\t<div class=\"elementor-widget-wrap\">\n\t\t\t\t\t\t<div class=\"elementor-element elementor-element-605a55b2 elementor-widget elementor-widget-heading\" data-id=\"605a55b2\" data-element_type=\"widget\" data-widget_type=\"heading.default\">\n\t\t\t\t<div class=\"elementor-widget-container\">\n\t\t\t<h3 class=\"elementor-heading-title elementor-size-default\">Better Hotel delivers real results.\nCheck it yourself!<\/h3>\t\t<\/div>\n\t\t\t\t<\/div>\n\t\t\t\t<section class=\"elementor-section elementor-inner-section elementor-element elementor-element-371cf2df elementor-section-boxed elementor-section-height-default elementor-section-height-default\" data-id=\"371cf2df\" data-element_type=\"section\">\n\t\t\t\t\t\t<div class=\"elementor-container elementor-column-gap-default\">\n\t\t\t\t\t\t\t<div class=\"elementor-row\">\n\t\t\t\t\t<div class=\"elementor-column elementor-col-33 elementor-inner-column elementor-element elementor-element-4ee7dd92\" data-id=\"4ee7dd92\" data-element_type=\"column\">\n\t\t\t<div class=\"elementor-column-wrap elementor-element-populated\">\n\t\t\t\t\t\t\t<div class=\"elementor-widget-wrap\">\n\t\t\t\t\t\t<div class=\"elementor-element elementor-element-622cd882 elementor-widget elementor-widget-counter\" data-id=\"622cd882\" data-element_type=\"widget\" data-widget_type=\"counter.default\">\n\t\t\t\t<div class=\"elementor-widget-container\">\n\t\t\t\t\t<div class=\"elementor-counter\">\n\t\t\t<div class=\"elementor-counter-number-wrapper\">\n\t\t\t\t<span class=\"elementor-counter-number-prefix\">+<\/span>\n\t\t\t\t<span class=\"elementor-counter-number\" data-duration=\"2000\" data-to-value=\"100\" data-from-value=\"0\" data-delimiter=\",\">0<\/span>\n\t\t\t\t<span class=\"elementor-counter-number-suffix\">%<\/span>\n\t\t\t<\/div>\n\t\t\t\t\t\t\t<div class=\"elementor-counter-title\">Annual revenue growth<\/div>\n\t\t\t\t\t<\/div>\n\t\t\t\t<\/div>\n\t\t\t\t<\/div>\n\t\t\t\t\t\t<\/div>\n\t\t\t\t\t<\/div>\n\t\t<\/div>\n\t\t\t\t<div class=\"elementor-column elementor-col-33 elementor-inner-column elementor-element elementor-element-651ebc72\" data-id=\"651ebc72\" data-element_type=\"column\">\n\t\t\t<div class=\"elementor-column-wrap elementor-element-populated\">\n\t\t\t\t\t\t\t<div class=\"elementor-widget-wrap\">\n\t\t\t\t\t\t<div class=\"elementor-element elementor-element-27745a8c elementor-widget elementor-widget-counter\" data-id=\"27745a8c\" data-element_type=\"widget\" data-widget_type=\"counter.default\">\n\t\t\t\t<div class=\"elementor-widget-container\">\n\t\t\t\t\t<div class=\"elementor-counter\">\n\t\t\t<div class=\"elementor-counter-number-wrapper\">\n\t\t\t\t<span class=\"elementor-counter-number-prefix\"><\/span>\n\t\t\t\t<span class=\"elementor-counter-number\" data-duration=\"2000\" data-to-value=\"160\" data-from-value=\"0\" data-delimiter=\",\">0<\/span>\n\t\t\t\t<span class=\"elementor-counter-number-suffix\">h<\/span>\n\t\t\t<\/div>\n\t\t\t\t\t\t\t<div class=\"elementor-counter-title\">Saved weekly work hours<\/div>\n\t\t\t\t\t<\/div>\n\t\t\t\t<\/div>\n\t\t\t\t<\/div>\n\t\t\t\t\t\t<\/div>\n\t\t\t\t\t<\/div>\n\t\t<\/div>\n\t\t\t\t<div class=\"elementor-column elementor-col-33 elementor-inner-column elementor-element elementor-element-16a65796\" data-id=\"16a65796\" data-element_type=\"column\">\n\t\t\t<div class=\"elementor-column-wrap elementor-element-populated\">\n\t\t\t\t\t\t\t<div class=\"elementor-widget-wrap\">\n\t\t\t\t\t\t<div class=\"elementor-element elementor-element-252ea72a elementor-widget elementor-widget-counter\" data-id=\"252ea72a\" data-element_type=\"widget\" data-widget_type=\"counter.default\">\n\t\t\t\t<div class=\"elementor-widget-container\">\n\t\t\t\t\t<div class=\"elementor-counter\">\n\t\t\t<div class=\"elementor-counter-number-wrapper\">\n\t\t\t\t<span class=\"elementor-counter-number-prefix\">+<\/span>\n\t\t\t\t<span class=\"elementor-counter-number\" data-duration=\"2000\" data-to-value=\"70\" data-from-value=\"0\" data-delimiter=\",\">0<\/span>\n\t\t\t\t<span class=\"elementor-counter-number-suffix\">%<\/span>\n\t\t\t<\/div>\n\t\t\t\t\t\t\t<div class=\"elementor-counter-title\">Direct bookings<\/div>\n\t\t\t\t\t<\/div>\n\t\t\t\t<\/div>\n\t\t\t\t<\/div>\n\t\t\t\t\t\t<\/div>\n\t\t\t\t\t<\/div>\n\t\t<\/div>\n\t\t\t\t\t\t\t\t<\/div>\n\t\t\t\t\t<\/div>\n\t\t<\/section>\n\t\t\t\t<div class=\"elementor-element elementor-element-12fb06cd elementor-mobile-align-justify elementor-tablet-align-center elementor-align-left elementor-widget elementor-widget-button\" data-id=\"12fb06cd\" data-element_type=\"widget\" data-widget_type=\"button.default\">\n\t\t\t\t<div class=\"elementor-widget-container\">\n\t\t\t\t\t<div class=\"elementor-button-wrapper\">\n\t\t\t<a href=\"#\" class=\"elementor-button-link elementor-button elementor-size-sm elementor-animation-grow\" role=\"button\">\n\t\t\t\t\t\t<span class=\"elementor-button-content-wrapper\">\n\t\t\t\t\t\t<span class=\"elementor-button-icon elementor-align-icon-right\">\n\t\t\t\t<i aria-hidden=\"true\" class=\"fas fa-arrow-right\"><\/i>\t\t\t<\/span>\n\t\t\t\t\t\t<span class=\"elementor-button-text\">Case Studies<\/span>\n\t\t<\/span>\n\t\t\t\t\t<\/a>\n\t\t<\/div>\n\t\t\t\t<\/div>\n\t\t\t\t<\/div>\n\t\t\t\t\t\t<\/div>\n\t\t\t\t\t<\/div>\n\t\t<\/div>\n\t\t\t\t<div class=\"elementor-column elementor-col-33 elementor-top-column elementor-element elementor-element-54a4af60\" data-id=\"54a4af60\" data-element_type=\"column\">\n\t\t\t<div class=\"elementor-column-wrap elementor-element-populated\">\n\t\t\t\t\t\t\t<div class=\"elementor-widget-wrap\">\n\t\t\t\t\t\t<div class=\"elementor-element elementor-element-663e392b elementor-widget elementor-widget-image\" data-id=\"663e392b\" data-element_type=\"widget\" data-widget_type=\"image.default\">\n\t\t\t\t<div class=\"elementor-widget-container\">\n\t\t\t\t\t<div class=\"elementor-image\">\n\t\t\t\t\t\t\t\t\t\t<img loading=\"lazy\" width=\"800\" height=\"623\" src=\"https:\/\/better-hotel.com\/wp-content\/uploads\/sites\/11\/2020\/06\/case-studies-image.png\" class=\"attachment-large size-large\" alt=\"\" decoding=\"async\" srcset=\"https:\/\/better-hotel.com\/wp-content\/uploads\/sites\/11\/2020\/06\/case-studies-image.png 940w, https:\/\/better-hotel.com\/wp-content\/uploads\/sites\/11\/2020\/06\/case-studies-image-300x234.png 300w, https:\/\/better-hotel.com\/wp-content\/uploads\/sites\/11\/2020\/06\/case-studies-image-768x598.png 768w\" sizes=\"(max-width: 800px) 100vw, 800px\" \/>\t\t\t\t\t\t\t\t\t\t\t<\/div>\n\t\t\t\t<\/div>\n\t\t\t\t<\/div>\n\t\t\t\t\t\t<\/div>\n\t\t\t\t\t<\/div>\n\t\t<\/div>\n\t\t\t\t\t\t\t\t<\/div>\n\t\t\t\t\t<\/div>\n\t\t<\/section>\n\t\t\t\t\t\t<\/div>\n\t\t\t\t\t\t<\/div>\n\t\t\t\t\t<\/div>","protected":false},"excerpt":{"rendered":"<p>Jsme Better Hotel a tohle je n\u00e1\u0161 p\u0159\u00edb\u011bh&#8230; Na\u0161e cesta za\u010dala u\u017e v roce 2014 n\u00e1padem vytvo\u0159it jednoduch\u00fd rezerva\u010dn\u00ed syst\u00e9m pro mal\u00fd horsk\u00fd penzion s c\u00edlem zjednodu\u0161it \u017eivot jeho majitel\u016fm. Ti nemohli naj\u00edt \u017e\u00e1dn\u00e9 vhodn\u00e9 softwarov\u00e9 \u0159e\u0161en\u00ed, kter\u00e9 by bylo flexibiln\u00ed a z\u00e1rove\u0148 cenov\u011b dostupn\u00e9. Absence kvalitn\u00edho provozn\u00edho syst\u00e9mu na trhu a nedostatek kvalifikovan\u00e9 pracovn\u00ed [&hellip;]<\/p>","protected":false},"author":1,"featured_media":961,"parent":979,"menu_order":0,"comment_status":"closed","ping_status":"closed","template":"elementor_header_footer","meta":{"footnotes":""},"aioseo_notices":[],"_links":{"self":[{"href":"https:\/\/better-hotel.com\/en\/wp-json\/wp\/v2\/pages\/887"}],"collection":[{"href":"https:\/\/better-hotel.com\/en\/wp-json\/wp\/v2\/pages"}],"about":[{"href":"https:\/\/better-hotel.com\/en\/wp-json\/wp\/v2\/types\/page"}],"author":[{"embeddable":true,"href":"https:\/\/better-hotel.com\/en\/wp-json\/wp\/v2\/users\/1"}],"replies":[{"embeddable":true,"href":"https:\/\/better-hotel.com\/en\/wp-json\/wp\/v2\/comments?post=887"}],"version-history":[{"count":92,"href":"https:\/\/better-hotel.com\/en\/wp-json\/wp\/v2\/pages\/887\/revisions"}],"predecessor-version":[{"id":11374,"href":"https:\/\/better-hotel.com\/en\/wp-json\/wp\/v2\/pages\/887\/revisions\/11374"}],"up":[{"embeddable":true,"href":"https:\/\/better-hotel.com\/en\/wp-json\/wp\/v2\/pages\/979"}],"wp:featuredmedia":[{"embeddable":true,"href":"https:\/\/better-hotel.com\/en\/wp-json\/wp\/v2\/media\/961"}],"wp:attachment":[{"href":"https:\/\/better-hotel.com\/en\/wp-json\/wp\/v2\/media?parent=887"}],"curies":[{"name":"wp","href":"https:\/\/api.w.org\/{rel}","templated":true}]}}