{"id":13944,"date":"2026-02-19T19:28:14","date_gmt":"2026-02-19T18:28:14","guid":{"rendered":"https:\/\/better-hotel.com\/?page_id=13944"},"modified":"2026-02-19T19:30:32","modified_gmt":"2026-02-19T18:30:32","slug":"souhlas-se-zpracovanim-osobnich-udaju-2","status":"publish","type":"page","link":"https:\/\/better-hotel.com\/en\/souhlas-se-zpracovanim-osobnich-udaju-2\/","title":{"rendered":"Souhlas se zpracov\u00e1n\u00edm osobn\u00edch \u00fadaj\u016f"},"content":{"rendered":"<div data-elementor-type=\"wp-page\" data-elementor-id=\"13944\" class=\"elementor elementor-13944\" data-elementor-settings=\"[]\">\n\t\t\t\t\t\t<div class=\"elementor-inner\">\n\t\t\t\t\t\t\t<div class=\"elementor-section-wrap\">\n\t\t\t\t\t\t\t<section class=\"elementor-section elementor-top-section elementor-element elementor-element-deee6ee elementor-section-boxed elementor-section-height-default elementor-section-height-default\" data-id=\"deee6ee\" data-element_type=\"section\">\n\t\t\t\t\t\t<div class=\"elementor-container elementor-column-gap-default\">\n\t\t\t\t\t\t\t<div class=\"elementor-row\">\n\t\t\t\t\t<div class=\"elementor-column elementor-col-100 elementor-top-column elementor-element elementor-element-b4fe606\" data-id=\"b4fe606\" data-element_type=\"column\">\n\t\t\t<div class=\"elementor-column-wrap elementor-element-populated\">\n\t\t\t\t\t\t\t<div class=\"elementor-widget-wrap\">\n\t\t\t\t\t\t<div class=\"elementor-element elementor-element-8822ebc elementor-widget elementor-widget-text-editor\" data-id=\"8822ebc\" data-element_type=\"widget\" data-widget_type=\"text-editor.default\">\n\t\t\t\t<div class=\"elementor-widget-container\">\n\t\t\t\t\t<div class=\"elementor-text-editor elementor-clearfix\"><h1><strong>Souhlas se zpracov\u00e1n\u00edm osobn\u00edch \u00fadaj\u016f a s po\u0159izov\u00e1n\u00edm a u\u017eit\u00edm fotografi\u00ed<\/strong><\/h1>\n<b>Mevris Group s.r.o.,<\/b><span style=\"font-weight: 400;\"> I\u010cO: 02465345, se s\u00eddlem Rybn\u00e1 716\/24, Star\u00e9 M\u011bsto, 110 00 Praha 1<\/span><span style=\"font-weight: 400;\">\n<\/span><span style=\"font-weight: 400;\"> (d\u00e1le jen <\/span><b>\u201eSpr\u00e1vce\u201c<\/b><span style=\"font-weight: 400;\">)<\/span>\n\n<span style=\"font-weight: 400;\">T\u00edmto ud\u011bluji Spr\u00e1vci sv\u016fj <\/span><b>dobrovoln\u00fd, konkr\u00e9tn\u00ed, informovan\u00fd a jednozna\u010dn\u00fd souhlas<\/b><span style=\"font-weight: 400;\"> se zpracov\u00e1n\u00edm osobn\u00edch \u00fadaj\u016f v n\u00ed\u017ee uveden\u00e9m rozsahu a pro n\u00ed\u017ee uveden\u00e9 \u00fa\u010dely, a to v souvislosti s mou registrac\u00ed a \u00fa\u010dast\u00ed na akci <\/span><b>\u201eRecep\u010dn\u00ed akademie Better Hotel\u201c <\/b><span style=\"font-weight: 400;\">konan\u00e9 v term\u00ednu 16. &#8211; 20. 3. 2026 (d\u00e1le jen <\/span><b>\u201eAkce\u201c<\/b><span style=\"font-weight: 400;\">). Tento souhlas stvrzuji dokon\u010den\u00edm registrace na Akci.<\/span>\n<ol>\n \t<li><span style=\"font-weight: 400;\"> Rozsah zpracov\u00e1van\u00fdch osobn\u00edch \u00fadaj\u016f<\/span><\/li>\n<\/ol>\n<span style=\"font-weight: 400;\">Spr\u00e1vce je opr\u00e1vn\u011bn zpracov\u00e1vat zejm\u00e9na tyto \u00fadaje:<\/span>\n<ul>\n \t<li style=\"font-weight: 400;\" aria-level=\"1\"><span style=\"font-weight: 400;\">jm\u00e9no a p\u0159\u00edjmen\u00ed,<\/span><\/li>\n \t<li style=\"font-weight: 400;\" aria-level=\"1\"><span style=\"font-weight: 400;\">e-mailov\u00e1 adresa,<\/span><\/li>\n \t<li style=\"font-weight: 400;\" aria-level=\"1\"><span style=\"font-weight: 400;\">n\u00e1zev ubytovac\u00edho za\u0159\u00edzen\u00ed (pokud je uveden),<\/span><\/li>\n \t<li style=\"font-weight: 400;\" aria-level=\"1\"><span style=\"font-weight: 400;\">fotografie a audiovizu\u00e1ln\u00ed z\u00e1znamy po\u0159\u00edzen\u00e9 v pr\u016fb\u011bhu Akce.<\/span><\/li>\n<\/ul>\n<ol start=\"2\">\n \t<li><span style=\"font-weight: 400;\"> \u00da\u010dely zpracov\u00e1n\u00ed<\/span><\/li>\n<\/ol>\n<span style=\"font-weight: 400;\">Osobn\u00ed \u00fadaje budou zpracov\u00e1ny v nezbytn\u00e9m rozsahu pro n\u00e1sleduj\u00edc\u00ed \u00fa\u010dely:<\/span>\n<ol>\n \t<li><span style=\"font-weight: 400;\">A) Organizace a administrace Akce<\/span><\/li>\n<\/ol>\n<ul>\n \t<li style=\"font-weight: 400;\" aria-level=\"1\"><span style=\"font-weight: 400;\">registrace \u00fa\u010dasti,<\/span><\/li>\n \t<li style=\"font-weight: 400;\" aria-level=\"1\"><span style=\"font-weight: 400;\">zasl\u00e1n\u00ed organiza\u010dn\u00edch informac\u00ed, podklad\u016f a materi\u00e1l\u016f na uvedenou e-mailovou adresu,<\/span><\/li>\n \t<li style=\"font-weight: 400;\" aria-level=\"1\"><span style=\"font-weight: 400;\">vyhodnocen\u00ed a evidence \u00fa\u010dastn\u00edk\u016f.<\/span><\/li>\n<\/ul>\n<ol>\n\n \t<li><span style=\"font-weight: 400;\">B) Dokumentace a propagace Akce<\/span><\/li>\n<\/ol>\n<span style=\"font-weight: 400;\">Souhlas\u00edm s t\u00edm, \u017ee Spr\u00e1vce je opr\u00e1vn\u011bn:<\/span>\n<ul>\n \t<li style=\"font-weight: 400;\" aria-level=\"1\"><span style=\"font-weight: 400;\">po\u0159izovat b\u011bhem Akce <\/span><b>fotografie a audiovizu\u00e1ln\u00ed z\u00e1znamy<\/b><span style=\"font-weight: 400;\">,<\/span><\/li>\n \t<li style=\"font-weight: 400;\" aria-level=\"1\"><span style=\"font-weight: 400;\">tyto materi\u00e1ly <\/span><b>pou\u017e\u00edt k vlastn\u00ed prezentaci, marketingu a propagaci<\/b><span style=\"font-weight: 400;\">, a to v ti\u0161t\u011bn\u00e9<\/span><span style=\"font-weight: 400;\">\n<\/span><span style=\"font-weight: 400;\">i elektronick\u00e9 podob\u011b (webov\u00e9 str\u00e1nky, soci\u00e1ln\u00ed s\u00edt\u011b, newsletter, prezentace, tiskoviny apod.),<\/span><\/li>\n \t<li style=\"font-weight: 400;\" aria-level=\"1\"><span style=\"font-weight: 400;\">poskytnout tyto materi\u00e1ly <\/span><b>t\u0159et\u00edm osob\u00e1m<\/b><span style=\"font-weight: 400;\">, kter\u00e9 pro Spr\u00e1vce vytv\u00e1\u0159ej\u00ed marketingov\u00e9 \u010di reklamn\u00ed v\u00fdstupy,<\/span><\/li>\n \t<li style=\"font-weight: 400;\" aria-level=\"1\"><span style=\"font-weight: 400;\">prov\u00e1d\u011bt <\/span><b>grafick\u00e9 \u00fapravy, sest\u0159ihy nebo pou\u017eit\u00ed jako sou\u010d\u00e1st jin\u00e9ho d\u00edla<\/b><span style=\"font-weight: 400;\">.<\/span><\/li>\n<\/ul>\n<ol start=\"3\">\n \t<li><span style=\"font-weight: 400;\"> Pr\u00e1vn\u00ed z\u00e1klad<\/span><\/li>\n<\/ol>\n<span style=\"font-weight: 400;\">Zpracov\u00e1n\u00ed prob\u00edh\u00e1 v souladu s:<\/span>\n<ul>\n \t<li style=\"font-weight: 400;\" aria-level=\"1\"><span style=\"font-weight: 400;\">Na\u0159\u00edzen\u00edm Evropsk\u00e9ho parlamentu a Rady (EU) 2016\/679 (GDPR),<\/span><\/li>\n \t<li style=\"font-weight: 400;\" aria-level=\"1\"><span style=\"font-weight: 400;\">z\u00e1konem \u010d. 110\/2019 Sb., o zpracov\u00e1n\u00ed osobn\u00edch \u00fadaj\u016f,<\/span><\/li>\n \t<li style=\"font-weight: 400;\" aria-level=\"1\"><span style=\"font-weight: 400;\">z\u00e1konem \u010d. 480\/2004 Sb., o n\u011bkter\u00fdch slu\u017eb\u00e1ch informa\u010dn\u00ed spole\u010dnosti,<\/span><\/li>\n \t<li style=\"font-weight: 400;\" aria-level=\"1\"><span style=\"font-weight: 400;\">z\u00e1konem \u010d. 127\/2005 Sb., o elektronick\u00fdch komunikac\u00edch.<\/span><\/li>\n<\/ul>\n<span style=\"font-weight: 400;\">Podrobn\u011bj\u0161\u00ed informace o nakl\u00e1d\u00e1n\u00ed s osobn\u00edmi \u00fadaji jsou dostupn\u00e9 na str\u00e1nk\u00e1ch Spr\u00e1vce:<\/span><span style=\"font-weight: 400;\">\n<\/span><a href=\"https:\/\/better-hotel.com\/en\/ochrana-osobnich-udaju\/\"><span style=\"font-weight: 400;\"> https:\/\/better-hotel.com\/cs\/ochrana-osobnich-udaju\/<\/span><\/a>\n<ol start=\"4\">\n \t<li><span style=\"font-weight: 400;\"> Doba zpracov\u00e1n\u00ed<\/span><\/li>\n<\/ol>\n<span style=\"font-weight: 400;\">\u00dadaje budou zpracov\u00e1v\u00e1ny:<\/span>\n<ul>\n \t<li style=\"font-weight: 400;\" aria-level=\"1\"><span style=\"font-weight: 400;\">po dobu nezbytnou k napln\u011bn\u00ed \u00fa\u010delu Akce,<\/span><\/li>\n \t<li style=\"font-weight: 400;\" aria-level=\"1\"><span style=\"font-weight: 400;\">u fotografi\u00ed a z\u00e1znam\u016f <\/span><b>do odvol\u00e1n\u00ed souhlasu<\/b><span style=\"font-weight: 400;\">.<\/span><\/li>\n<\/ul>\n<ol start=\"5\">\n \t<li><span style=\"font-weight: 400;\"> Odvol\u00e1n\u00ed souhlasu<\/span><\/li>\n<\/ol>\n<span style=\"font-weight: 400;\">Souhlas mohu kdykoli odvolat zasl\u00e1n\u00edm p\u00edsemn\u00e9 \u017e\u00e1dosti na adresu s\u00eddla Spr\u00e1vce nebo e-mailem na: <\/span><b>info@better-hotel.com<\/b><span style=\"font-weight: 400;\">\u00a0<\/span>\n\n<span style=\"font-weight: 400;\">Odvol\u00e1n\u00ed nem\u00e1 vliv na z\u00e1konnost zpracov\u00e1n\u00ed p\u0159ed jeho odvol\u00e1n\u00edm.<\/span>\n<ol start=\"6\">\n \t<li><span style=\"font-weight: 400;\"> Prohl\u00e1\u0161en\u00ed \u00fa\u010dastn\u00edka<\/span><\/li>\n<\/ol>\n<span style=\"font-weight: 400;\">Prohla\u0161uji, \u017ee:<\/span>\n<ul>\n \t<li style=\"font-weight: 400;\" aria-level=\"1\"><span style=\"font-weight: 400;\">byl\/a jsem \u0159\u00e1dn\u011b informov\u00e1n\/a o rozsahu a \u00fa\u010delu zpracov\u00e1n\u00ed osobn\u00edch \u00fadaj\u016f,<\/span><\/li>\n \t<li style=\"font-weight: 400;\" aria-level=\"1\"><span style=\"font-weight: 400;\">v\u0161emu v\u00fd\u0161e uveden\u00e9mu rozum\u00edm,<\/span><\/li>\n \t<li style=\"font-weight: 400;\" aria-level=\"1\">tento souhlas ud\u011bluji dobrovoln\u011b.<\/li>\n<\/ul><\/div>\n\t\t\t\t<\/div>\n\t\t\t\t<\/div>\n\t\t\t\t\t\t<\/div>\n\t\t\t\t\t<\/div>\n\t\t<\/div>\n\t\t\t\t\t\t\t\t<\/div>\n\t\t\t\t\t<\/div>\n\t\t<\/section>\n\t\t\t\t\t\t<\/div>\n\t\t\t\t\t\t<\/div>\n\t\t\t\t\t<\/div>","protected":false},"excerpt":{"rendered":"<p>Souhlas se zpracov\u00e1n\u00edm osobn\u00edch \u00fadaj\u016f a s po\u0159izov\u00e1n\u00edm a u\u017eit\u00edm fotografi\u00ed Mevris Group s.r.o., I\u010cO: 02465345, se s\u00eddlem Rybn\u00e1 716\/24, Star\u00e9 M\u011bsto, 110 00 Praha 1 (d\u00e1le jen \u201eSpr\u00e1vce\u201c) T\u00edmto ud\u011bluji Spr\u00e1vci sv\u016fj dobrovoln\u00fd, konkr\u00e9tn\u00ed, informovan\u00fd a jednozna\u010dn\u00fd souhlas se zpracov\u00e1n\u00edm osobn\u00edch \u00fadaj\u016f v n\u00ed\u017ee uveden\u00e9m rozsahu a pro n\u00ed\u017ee uveden\u00e9 \u00fa\u010dely, a to v [&hellip;]<\/p>","protected":false},"author":1,"featured_media":0,"parent":0,"menu_order":0,"comment_status":"closed","ping_status":"closed","template":"","meta":{"footnotes":""},"aioseo_notices":[],"_links":{"self":[{"href":"https:\/\/better-hotel.com\/en\/wp-json\/wp\/v2\/pages\/13944"}],"collection":[{"href":"https:\/\/better-hotel.com\/en\/wp-json\/wp\/v2\/pages"}],"about":[{"href":"https:\/\/better-hotel.com\/en\/wp-json\/wp\/v2\/types\/page"}],"author":[{"embeddable":true,"href":"https:\/\/better-hotel.com\/en\/wp-json\/wp\/v2\/users\/1"}],"replies":[{"embeddable":true,"href":"https:\/\/better-hotel.com\/en\/wp-json\/wp\/v2\/comments?post=13944"}],"version-history":[{"count":3,"href":"https:\/\/better-hotel.com\/en\/wp-json\/wp\/v2\/pages\/13944\/revisions"}],"predecessor-version":[{"id":13947,"href":"https:\/\/better-hotel.com\/en\/wp-json\/wp\/v2\/pages\/13944\/revisions\/13947"}],"wp:attachment":[{"href":"https:\/\/better-hotel.com\/en\/wp-json\/wp\/v2\/media?parent=13944"}],"curies":[{"name":"wp","href":"https:\/\/api.w.org\/{rel}","templated":true}]}}