{"id":8915,"date":"2022-12-08T11:57:29","date_gmt":"2022-12-08T10:57:29","guid":{"rendered":"https:\/\/better-hotel.com\/?page_id=8915"},"modified":"2025-10-23T18:24:03","modified_gmt":"2025-10-23T16:24:03","slug":"ochrana-osobnich-udaju","status":"publish","type":"page","link":"https:\/\/better-hotel.com\/cs\/ochrana-osobnich-udaju\/","title":{"rendered":"Ochrana osobn\u00edch \u00fadaj\u016f"},"content":{"rendered":"\t\t<div data-elementor-type=\"wp-page\" data-elementor-id=\"8915\" class=\"elementor elementor-8915\" data-elementor-settings=\"[]\">\n\t\t\t\t\t\t<div class=\"elementor-inner\">\n\t\t\t\t\t\t\t<div class=\"elementor-section-wrap\">\n\t\t\t\t\t\t\t<section class=\"elementor-section elementor-top-section elementor-element elementor-element-4cf8c72f elementor-section-boxed elementor-section-height-default elementor-section-height-default\" data-id=\"4cf8c72f\" data-element_type=\"section\">\n\t\t\t\t\t\t<div class=\"elementor-container elementor-column-gap-default\">\n\t\t\t\t\t\t\t<div class=\"elementor-row\">\n\t\t\t\t\t<div class=\"elementor-column elementor-col-100 elementor-top-column elementor-element elementor-element-1b9bc867\" data-id=\"1b9bc867\" data-element_type=\"column\">\n\t\t\t<div class=\"elementor-column-wrap elementor-element-populated\">\n\t\t\t\t\t\t\t<div class=\"elementor-widget-wrap\">\n\t\t\t\t\t\t<div class=\"elementor-element elementor-element-53fc8d46 elementor-widget elementor-widget-text-editor\" data-id=\"53fc8d46\" data-element_type=\"widget\" data-widget_type=\"text-editor.default\">\n\t\t\t\t<div class=\"elementor-widget-container\">\n\t\t\t\t\t<div class=\"elementor-text-editor elementor-clearfix\"><section class=\"privacy-policy\"><h2 data-start=\"548\" data-end=\"585\">Z\u00e1sady ochrany osobn\u00edch \u00fadaj\u016f<\/h2><p data-start=\"586\" data-end=\"609\"><strong data-start=\"586\" data-end=\"609\">Mevris Group s.r.o.<\/strong><\/p><h3 data-start=\"611\" data-end=\"637\">1. \u00davodn\u00ed ustanoven\u00ed<\/h3><p data-start=\"638\" data-end=\"1048\"><strong data-start=\"638\" data-end=\"645\">1.1<\/strong><br data-start=\"645\" data-end=\"648\" \/>Spole\u010dnost <strong data-start=\"659\" data-end=\"682\">Mevris Group s.r.o.<\/strong>, se s\u00eddlem Rybn\u00e1 716\/24, Star\u00e9 M\u011bsto, 110 00 Praha 1, I\u010cO 024 65 345, zapsan\u00e1 v obchodn\u00edm rejst\u0159\u00edku veden\u00e9m u M\u011bstsk\u00e9ho soudu v Praze, odd\u00edl C, vlo\u017eka 219677 (d\u00e1le jen \u201e<strong data-start=\"852\" data-end=\"866\">Spole\u010dnost<\/strong>\u201c), vyd\u00e1v\u00e1 tyto <strong data-start=\"882\" data-end=\"915\">Z\u00e1sady ochrany osobn\u00edch \u00fadaj\u016f<\/strong> (d\u00e1le jen \u201e<strong data-start=\"927\" data-end=\"937\">Z\u00e1sady<\/strong>\u201c), kter\u00e9 vysv\u011btluj\u00ed, jak\u00fdm zp\u016fsobem Spole\u010dnost zpracov\u00e1v\u00e1 osobn\u00ed \u00fadaje a jak\u00e1 m\u00e1te v t\u00e9to souvislosti pr\u00e1va.<\/p><p data-start=\"1050\" data-end=\"1157\"><strong data-start=\"1050\" data-end=\"1057\">1.2<\/strong><br data-start=\"1057\" data-end=\"1060\" \/>Spr\u00e1vcem osobn\u00edch \u00fadaj\u016f je <strong data-start=\"1087\" data-end=\"1110\">Mevris Group s.r.o.<\/strong> (d\u00e1le jen \u201e<strong data-start=\"1122\" data-end=\"1133\">Spr\u00e1vce<\/strong>\u201c).<br data-start=\"1136\" data-end=\"1139\" \/>Kontaktn\u00ed \u00fadaje:<\/p><ul data-start=\"1158\" data-end=\"1253\"><li data-start=\"1158\" data-end=\"1215\"><p data-start=\"1160\" data-end=\"1215\"><strong data-start=\"1160\" data-end=\"1171\">Adresa:<\/strong> Rybn\u00e1 716\/24, Star\u00e9 M\u011bsto, 110 00 Praha 1<\/p><\/li><li data-start=\"1216\" data-end=\"1253\"><p data-start=\"1218\" data-end=\"1253\"><strong data-start=\"1218\" data-end=\"1229\">E-mail:<\/strong> <a class=\"decorated-link cursor-pointer\" rel=\"noopener\" data-start=\"1230\" data-end=\"1251\">info@better-hotel.com<\/a><\/p><\/li><\/ul><p data-start=\"1255\" data-end=\"1375\">Spr\u00e1vce provozuje a spravuje mimo jin\u00e9 <strong data-start=\"1294\" data-end=\"1339\">rezerva\u010dn\u00ed a recep\u010dn\u00ed syst\u00e9m Better Hotel<\/strong> (d\u00e1le jen \u201e<strong data-start=\"1351\" data-end=\"1372\">Rezerva\u010dn\u00ed syst\u00e9m<\/strong>\u201c).<\/p><h3 data-start=\"1382\" data-end=\"1428\">2. Jak\u00e9 osobn\u00ed \u00fadaje zpracov\u00e1v\u00e1me a pro\u010d<\/h3><p data-start=\"1429\" data-end=\"1534\"><strong data-start=\"1429\" data-end=\"1436\">2.1<\/strong><br data-start=\"1436\" data-end=\"1439\" \/>Va\u0161e osobn\u00ed \u00fadaje zpracov\u00e1v\u00e1me pouze v nezbytn\u00e9m rozsahu a na z\u00e1klad\u011b t\u011bchto pr\u00e1vn\u00edch d\u016fvod\u016f:<\/p><ul data-start=\"1535\" data-end=\"1889\"><li data-start=\"1535\" data-end=\"1594\"><p data-start=\"1537\" data-end=\"1594\"><strong data-start=\"1537\" data-end=\"1555\">pln\u011bn\u00ed smlouvy<\/strong> \u2013 nap\u0159. pokud vyu\u017e\u00edv\u00e1te na\u0161e slu\u017eby;<\/p><\/li><li data-start=\"1595\" data-end=\"1693\"><p data-start=\"1597\" data-end=\"1693\"><strong data-start=\"1597\" data-end=\"1624\">opr\u00e1vn\u011bn\u00fd z\u00e1jem Spr\u00e1vce<\/strong> \u2013 nap\u0159. pro zlep\u0161ov\u00e1n\u00ed slu\u017eeb nebo zas\u00edl\u00e1n\u00ed souvisej\u00edc\u00edch nab\u00eddek;<\/p><\/li><li data-start=\"1694\" data-end=\"1827\"><p data-start=\"1696\" data-end=\"1827\"><strong data-start=\"1696\" data-end=\"1722\">souhlas subjektu \u00fadaj\u016f<\/strong> \u2013 typicky p\u0159i zas\u00edl\u00e1n\u00ed marketingov\u00fdch sd\u011blen\u00ed nebo pou\u017e\u00edv\u00e1n\u00ed cookies pro analytick\u00e9 \u010di reklamn\u00ed \u00fa\u010dely;<\/p><\/li><li data-start=\"1828\" data-end=\"1889\"><p data-start=\"1830\" data-end=\"1889\"><strong data-start=\"1830\" data-end=\"1858\">pln\u011bn\u00ed pr\u00e1vn\u00ed povinnosti<\/strong> \u2013 nap\u0159. p\u0159i veden\u00ed \u00fa\u010detnictv\u00ed.<\/p><\/li><\/ul><p data-start=\"1891\" data-end=\"1948\"><strong data-start=\"1891\" data-end=\"1946\">2.2 \u2013 \u00dadaje pro poskytov\u00e1n\u00ed slu\u017eeb (pln\u011bn\u00ed smlouvy)<\/strong><\/p><ul data-start=\"1949\" data-end=\"2086\"><li data-start=\"1949\" data-end=\"2007\"><p data-start=\"1951\" data-end=\"2007\">identifika\u010dn\u00ed \u00fadaje (jm\u00e9no, p\u0159\u00edjmen\u00ed, datum narozen\u00ed);<\/p><\/li><li data-start=\"2008\" data-end=\"2046\"><p data-start=\"2010\" data-end=\"2046\">kontaktn\u00ed \u00fadaje (e-mail, telefon);<\/p><\/li><li data-start=\"2047\" data-end=\"2086\"><p data-start=\"2049\" data-end=\"2086\">\u00fadaje o rezervac\u00edch a vyu\u017eit\u00ed slu\u017eeb.<\/p><\/li><\/ul><p data-start=\"2088\" data-end=\"2255\">Tyto \u00fadaje uchov\u00e1v\u00e1me po dobu trv\u00e1n\u00ed smluvn\u00edho vztahu a nejd\u00e9le <strong data-start=\"2152\" data-end=\"2179\">3 roky po jeho ukon\u010den\u00ed<\/strong>, pokud pr\u00e1vn\u00ed p\u0159edpis nestanov\u00ed del\u0161\u00ed dobu (nap\u0159. \u00fa\u010detn\u00ed doklady \u2013 10 let).<\/p><p data-start=\"2257\" data-end=\"2316\"><strong data-start=\"2257\" data-end=\"2314\">2.3 \u2013 \u00dadaje zpracov\u00e1van\u00e9 na z\u00e1klad\u011b opr\u00e1vn\u011bn\u00e9ho z\u00e1jmu<\/strong><\/p><ul data-start=\"2317\" data-end=\"2603\"><li data-start=\"2317\" data-end=\"2603\"><p data-start=\"2319\" data-end=\"2603\">identifika\u010dn\u00ed a kontaktn\u00ed \u00fadaje (jm\u00e9no, p\u0159\u00edjmen\u00ed, e-mail, telefon).<br data-start=\"2386\" data-end=\"2389\" \/>Tyto \u00fadaje pou\u017e\u00edv\u00e1me pro komunikaci se z\u00e1kazn\u00edky a nab\u00eddku podobn\u00fdch slu\u017eeb, kter\u00e9 jste ji\u017e vyu\u017eil(a).<br data-start=\"2491\" data-end=\"2494\" \/>Z odb\u011bru t\u011bchto sd\u011blen\u00ed se m\u016f\u017eete kdykoli <strong data-start=\"2536\" data-end=\"2548\">odhl\u00e1sit<\/strong> a Spr\u00e1vce p\u0159estane va\u0161e \u00fadaje pro tento \u00fa\u010del pou\u017e\u00edvat.<\/p><\/li><\/ul><p data-start=\"2605\" data-end=\"2939\"><strong data-start=\"2605\" data-end=\"2653\">2.4 \u2013 \u00dadaje zpracov\u00e1van\u00e9 na z\u00e1klad\u011b souhlasu<\/strong><br data-start=\"2653\" data-end=\"2656\" \/><br \/>Pokud n\u00e1m ud\u011bl\u00edte souhlas (nap\u0159. p\u0159i p\u0159ihl\u00e1\u0161en\u00ed k newsletteru nebo p\u0159i pou\u017e\u00edv\u00e1n\u00ed cookies), zpracov\u00e1v\u00e1me va\u0161e \u00fadaje pouze pro \u00fa\u010dely, s nimi\u017e jste v\u00fdslovn\u011b souhlasil(a).<br data-start=\"2823\" data-end=\"2826\" \/><br \/>Souhlas m\u016f\u017eete kdykoli odvolat kliknut\u00edm na odkaz v e-mailu nebo zasl\u00e1n\u00edm \u017e\u00e1dosti na v\u00fd\u0161e uveden\u00fd e-mail Spr\u00e1vce.<\/p><h3 data-start=\"2946\" data-end=\"2978\">3. Kdo m\u00e1 k \u00fadaj\u016fm p\u0159\u00edstup<\/h3><p data-start=\"2979\" data-end=\"3214\"><strong data-start=\"2979\" data-end=\"2986\">3.1<\/strong><br data-start=\"2986\" data-end=\"2989\" \/>Va\u0161e osobn\u00ed \u00fadaje mohou b\u00fdt zpracov\u00e1v\u00e1ny zam\u011bstnanci Spole\u010dnosti a vybran\u00fdmi <strong data-start=\"3066\" data-end=\"3082\">zpracovateli<\/strong>, kte\u0159\u00ed zaji\u0161\u0165uj\u00ed technickou \u010di provozn\u00ed podporu (nap\u0159. poskytovatel\u00e9 IT slu\u017eeb, \u00fa\u010detn\u00ed firma, poskytovatel e-mailov\u00e9ho n\u00e1stroje).<\/p><p data-start=\"3216\" data-end=\"3335\">Ka\u017ed\u00fd zpracovatel m\u00e1 s n\u00e1mi uzav\u0159enou <strong data-start=\"3254\" data-end=\"3293\">smlouvu o zpracov\u00e1n\u00ed osobn\u00edch \u00fadaj\u016f<\/strong> a zaru\u010duje odpov\u00eddaj\u00edc\u00ed \u00farove\u0148 ochrany.<\/p><p data-start=\"3337\" data-end=\"3534\"><strong data-start=\"3337\" data-end=\"3344\">3.2<\/strong><br data-start=\"3344\" data-end=\"3347\" \/>Osobn\u00ed \u00fadaje uchov\u00e1v\u00e1me v <strong data-start=\"3373\" data-end=\"3400\">zabezpe\u010den\u00fdch syst\u00e9mech<\/strong> a p\u0159\u00edstup k nim maj\u00ed pouze opr\u00e1vn\u011bn\u00e9 osoby.<br data-start=\"3444\" data-end=\"3447\" \/>Va\u0161e osobn\u00ed \u00fadaje <strong data-start=\"3465\" data-end=\"3494\">nep\u0159ed\u00e1v\u00e1me t\u0159et\u00edm osob\u00e1m<\/strong> mimo EU a EHP bez odpov\u00eddaj\u00edc\u00edch z\u00e1ruk.<\/p><h3 data-start=\"3541\" data-end=\"3576\">4. Cookies a online marketing<\/h3><p data-start=\"3577\" data-end=\"3734\"><strong data-start=\"3577\" data-end=\"3584\">4.1<\/strong><br data-start=\"3584\" data-end=\"3587\" \/>Na na\u0161ich webov\u00fdch str\u00e1nk\u00e1ch pou\u017e\u00edv\u00e1me <strong data-start=\"3626\" data-end=\"3637\">cookies<\/strong>, kter\u00e9 slou\u017e\u00ed k zaji\u0161t\u011bn\u00ed spr\u00e1vn\u00e9 funk\u010dnosti webu, m\u011b\u0159en\u00ed n\u00e1v\u0161t\u011bvnosti a personalizaci obsahu.<\/p><p data-start=\"3736\" data-end=\"3783\">Podle platn\u00fdch pr\u00e1vn\u00edch p\u0159edpis\u016f rozli\u0161ujeme:<\/p><ul data-start=\"3784\" data-end=\"3997\"><li data-start=\"3784\" data-end=\"3849\"><p data-start=\"3786\" data-end=\"3849\"><strong data-start=\"3786\" data-end=\"3806\">nezbytn\u00e9 cookies<\/strong> (pro fungov\u00e1n\u00ed webu \u2013 nelze je vypnout),<\/p><\/li><li data-start=\"3850\" data-end=\"3923\"><p data-start=\"3852\" data-end=\"3923\"><strong data-start=\"3852\" data-end=\"3874\">analytick\u00e9 cookies<\/strong> (nap\u0159. Google Analytics \u2013 pouze se souhlasem),<\/p><\/li><li data-start=\"3924\" data-end=\"3997\"><p data-start=\"3926\" data-end=\"3997\"><strong data-start=\"3926\" data-end=\"3950\">marketingov\u00e9 cookies<\/strong> (nap\u0159. Facebook Pixel \u2013 pouze se souhlasem).<\/p><\/li><\/ul><p data-start=\"3999\" data-end=\"4215\"><strong data-start=\"3999\" data-end=\"4006\">4.2<\/strong><br data-start=\"4006\" data-end=\"4009\" \/>P\u0159i prvn\u00ed n\u00e1v\u0161t\u011bv\u011b webu v\u00e1s po\u017e\u00e1d\u00e1me o <strong data-start=\"4048\" data-end=\"4080\">souhlas s pou\u017e\u00edv\u00e1n\u00edm cookies<\/strong> prost\u0159ednictv\u00edm cookie li\u0161ty. Souhlas m\u016f\u017eete kdykoli zm\u011bnit nebo odvolat prost\u0159ednictv\u00edm odkazu v pat\u011b webu nebo nastaven\u00ed prohl\u00ed\u017ee\u010de.<\/p><h3 data-start=\"4222\" data-end=\"4241\">5. Va\u0161e pr\u00e1va<\/h3><p data-start=\"4242\" data-end=\"4299\">V souvislosti se zpracov\u00e1n\u00edm osobn\u00edch \u00fadaj\u016f m\u00e1te pr\u00e1vo:<\/p><ul data-start=\"4300\" data-end=\"4855\"><li data-start=\"4300\" data-end=\"4369\"><p data-start=\"4302\" data-end=\"4369\"><strong data-start=\"4302\" data-end=\"4316\">na p\u0159\u00edstup<\/strong> k osobn\u00edm \u00fadaj\u016fm a informac\u00edm o jejich zpracov\u00e1n\u00ed,<\/p><\/li><li data-start=\"4370\" data-end=\"4419\"><p data-start=\"4372\" data-end=\"4419\"><strong data-start=\"4372\" data-end=\"4399\">na opravu nebo dopln\u011bn\u00ed<\/strong> nep\u0159esn\u00fdch \u00fadaj\u016f,<\/p><\/li><li data-start=\"4420\" data-end=\"4452\"><p data-start=\"4422\" data-end=\"4452\"><strong data-start=\"4422\" data-end=\"4452\">na v\u00fdmaz (\u201eb\u00fdt zapomenut\u201c)<\/strong><\/p><\/li><li data-start=\"4453\" data-end=\"4483\"><p data-start=\"4455\" data-end=\"4483\"><strong data-start=\"4455\" data-end=\"4480\">na omezen\u00ed zpracov\u00e1n\u00ed<\/strong>,<\/p><\/li><li data-start=\"4484\" data-end=\"4516\"><p data-start=\"4486\" data-end=\"4516\"><strong data-start=\"4486\" data-end=\"4513\">na p\u0159enositelnost \u00fadaj\u016f<\/strong>,<\/p><\/li><li data-start=\"4517\" data-end=\"4632\"><p data-start=\"4519\" data-end=\"4632\"><strong data-start=\"4519\" data-end=\"4537\">vzn\u00e9st n\u00e1mitku<\/strong> proti zpracov\u00e1n\u00ed prov\u00e1d\u011bn\u00e9mu na z\u00e1klad\u011b opr\u00e1vn\u011bn\u00e9ho z\u00e1jmu nebo pro \u00fa\u010dely p\u0159\u00edm\u00e9ho marketingu,<\/p><\/li><li data-start=\"4633\" data-end=\"4720\"><p data-start=\"4635\" data-end=\"4720\"><strong data-start=\"4635\" data-end=\"4698\">neb\u00fdt p\u0159edm\u011btem automatizovan\u00e9ho individu\u00e1ln\u00edho rozhodov\u00e1n\u00ed<\/strong> v\u010detn\u011b profilov\u00e1n\u00ed,<\/p><\/li><li data-start=\"4721\" data-end=\"4855\"><p data-start=\"4723\" data-end=\"4855\"><strong data-start=\"4723\" data-end=\"4741\">podat st\u00ed\u017enost<\/strong> u dozorov\u00e9ho org\u00e1nu:<br data-start=\"4762\" data-end=\"4765\" \/><strong data-start=\"4767\" data-end=\"4802\">\u00da\u0159ad pro ochranu osobn\u00edch \u00fadaj\u016f<\/strong>,<br data-start=\"4803\" data-end=\"4806\" \/>Pplk. Sochora 27, 170 00 Praha 7, <a class=\"decorated-link cursor-pointer\" target=\"_new\" rel=\"noopener\" data-start=\"4842\" data-end=\"4853\">www.uoou.cz<\/a><\/p><\/li><\/ul><p data-start=\"4857\" data-end=\"4937\">Sv\u00e1 pr\u00e1va m\u016f\u017eete uplatnit p\u00edsemn\u011b na e-mailov\u00e9 adrese <strong data-start=\"4911\" data-end=\"4936\"><a class=\"decorated-link cursor-pointer\" rel=\"noopener\" data-start=\"4913\" data-end=\"4934\">info@better-hotel.com<\/a><\/strong>.<\/p><h3 data-start=\"4944\" data-end=\"4973\">6. Z\u00e1v\u011bre\u010dn\u00e1 ustanoven\u00ed<\/h3><p data-start=\"4974\" data-end=\"5087\"><strong data-start=\"4974\" data-end=\"4981\">6.1<\/strong><br data-start=\"4981\" data-end=\"4984\" \/>Tyto Z\u00e1sady nab\u00fdvaj\u00ed \u00fa\u010dinnosti dne <strong data-start=\"5019\" data-end=\"5033\">1. 1. 2020<\/strong> a byly <strong data-start=\"5041\" data-end=\"5084\">naposledy aktualizov\u00e1ny dne 1. 10. 2025<\/strong>.<\/p><p data-start=\"5089\" data-end=\"5227\"><strong data-start=\"5089\" data-end=\"5096\">6.2<\/strong><br data-start=\"5096\" data-end=\"5099\" \/>Spr\u00e1vce si vyhrazuje pr\u00e1vo tyto Z\u00e1sady kdykoli aktualizovat.<br data-start=\"5159\" data-end=\"5162\" \/>Aktu\u00e1ln\u00ed verze je v\u017edy zve\u0159ejn\u011bna na na\u0161ich webov\u00fdch str\u00e1nk\u00e1ch.<\/p><\/section><\/div>\n\t\t\t\t<\/div>\n\t\t\t\t<\/div>\n\t\t\t\t\t\t<\/div>\n\t\t\t\t\t<\/div>\n\t\t<\/div>\n\t\t\t\t\t\t\t\t<\/div>\n\t\t\t\t\t<\/div>\n\t\t<\/section>\n\t\t\t\t\t\t<\/div>\n\t\t\t\t\t\t<\/div>\n\t\t\t\t\t<\/div>\n\t\t","protected":false},"excerpt":{"rendered":"<p>Z\u00e1sady ochrany osobn\u00edch \u00fadaj\u016f Mevris Group s.r.o. 1. \u00davodn\u00ed ustanoven\u00ed 1.1Spole\u010dnost Mevris Group s.r.o., se s\u00eddlem Rybn\u00e1 716\/24, Star\u00e9 M\u011bsto, 110 00 Praha 1, I\u010cO 024 65 345, zapsan\u00e1 v obchodn\u00edm rejst\u0159\u00edku veden\u00e9m u M\u011bstsk\u00e9ho soudu v Praze, odd\u00edl C, vlo\u017eka 219677 (d\u00e1le jen \u201eSpole\u010dnost\u201c), vyd\u00e1v\u00e1 tyto Z\u00e1sady ochrany osobn\u00edch \u00fadaj\u016f (d\u00e1le jen \u201eZ\u00e1sady\u201c), kter\u00e9 [&hellip;]<\/p>\n","protected":false},"author":1,"featured_media":0,"parent":0,"menu_order":0,"comment_status":"closed","ping_status":"closed","template":"elementor_header_footer","meta":{"footnotes":""},"aioseo_notices":[],"_links":{"self":[{"href":"https:\/\/better-hotel.com\/cs\/wp-json\/wp\/v2\/pages\/8915"}],"collection":[{"href":"https:\/\/better-hotel.com\/cs\/wp-json\/wp\/v2\/pages"}],"about":[{"href":"https:\/\/better-hotel.com\/cs\/wp-json\/wp\/v2\/types\/page"}],"author":[{"embeddable":true,"href":"https:\/\/better-hotel.com\/cs\/wp-json\/wp\/v2\/users\/1"}],"replies":[{"embeddable":true,"href":"https:\/\/better-hotel.com\/cs\/wp-json\/wp\/v2\/comments?post=8915"}],"version-history":[{"count":24,"href":"https:\/\/better-hotel.com\/cs\/wp-json\/wp\/v2\/pages\/8915\/revisions"}],"predecessor-version":[{"id":12928,"href":"https:\/\/better-hotel.com\/cs\/wp-json\/wp\/v2\/pages\/8915\/revisions\/12928"}],"wp:attachment":[{"href":"https:\/\/better-hotel.com\/cs\/wp-json\/wp\/v2\/media?parent=8915"}],"curies":[{"name":"wp","href":"https:\/\/api.w.org\/{rel}","templated":true}]}}