{"id":887,"date":"2020-09-17T09:43:35","date_gmt":"2020-09-17T07:43:35","guid":{"rendered":"https:\/\/showcase4.better-hotel.com\/?page_id=887"},"modified":"2024-05-09T17:55:30","modified_gmt":"2024-05-09T15:55:30","slug":"o-nas","status":"publish","type":"page","link":"https:\/\/better-hotel.com\/cs\/akademie\/o-nas\/","title":{"rendered":"O n\u00e1s"},"content":{"rendered":"\t\t<div data-elementor-type=\"wp-page\" data-elementor-id=\"887\" class=\"elementor elementor-887\" data-elementor-settings=\"[]\">\n\t\t\t\t\t\t<div class=\"elementor-inner\">\n\t\t\t\t\t\t\t<div class=\"elementor-section-wrap\">\n\t\t\t\t\t\t\t<section class=\"elementor-section elementor-top-section elementor-element elementor-element-86ad6c4 elementor-section-full_width elementor-section-height-default elementor-section-height-default\" data-id=\"86ad6c4\" data-element_type=\"section\" data-settings=\"{&quot;background_background&quot;:&quot;classic&quot;}\">\n\t\t\t\t\t\t<div class=\"elementor-container elementor-column-gap-default\">\n\t\t\t\t\t\t\t<div class=\"elementor-row\">\n\t\t\t\t\t<div class=\"elementor-column elementor-col-100 elementor-top-column elementor-element elementor-element-441f80d\" data-id=\"441f80d\" data-element_type=\"column\">\n\t\t\t<div class=\"elementor-column-wrap elementor-element-populated\">\n\t\t\t\t\t\t\t<div class=\"elementor-widget-wrap\">\n\t\t\t\t\t\t<div class=\"elementor-element elementor-element-7da7dfb elementor-widget elementor-widget-heading\" data-id=\"7da7dfb\" data-element_type=\"widget\" data-widget_type=\"heading.default\">\n\t\t\t\t<div class=\"elementor-widget-container\">\n\t\t\t<h1 class=\"elementor-heading-title elementor-size-default\"><br>Jsme Better Hotel a tohle je n\u00e1\u0161 p\u0159\u00edb\u011bh...<br>          <br><\/h1>\t\t<\/div>\n\t\t\t\t<\/div>\n\t\t\t\t\t\t<\/div>\n\t\t\t\t\t<\/div>\n\t\t<\/div>\n\t\t\t\t\t\t\t\t<\/div>\n\t\t\t\t\t<\/div>\n\t\t<\/section>\n\t\t\t\t<section class=\"elementor-section elementor-top-section elementor-element elementor-element-a9cfefc elementor-section-full_width elementor-section-height-default elementor-section-height-default\" data-id=\"a9cfefc\" data-element_type=\"section\">\n\t\t\t\t\t\t<div class=\"elementor-container elementor-column-gap-default\">\n\t\t\t\t\t\t\t<div class=\"elementor-row\">\n\t\t\t\t\t<div class=\"elementor-column elementor-col-100 elementor-top-column elementor-element elementor-element-db76eee\" data-id=\"db76eee\" data-element_type=\"column\">\n\t\t\t<div class=\"elementor-column-wrap elementor-element-populated\">\n\t\t\t\t\t\t\t<div class=\"elementor-widget-wrap\">\n\t\t\t\t\t\t<div class=\"elementor-element elementor-element-b34145b elementor-widget elementor-widget-text-editor\" data-id=\"b34145b\" data-element_type=\"widget\" data-widget_type=\"text-editor.default\">\n\t\t\t\t<div class=\"elementor-widget-container\">\n\t\t\t\t\t<div class=\"elementor-text-editor elementor-clearfix\"><p>Na\u0161e cesta za\u010dala u\u017e v roce 2014 n\u00e1padem vytvo\u0159it jednoduch\u00fd rezerva\u010dn\u00ed syst\u00e9m pro mal\u00fd horsk\u00fd penzion s c\u00edlem zjednodu\u0161it \u017eivot jeho majitel\u016fm.<\/p><p>Ti nemohli naj\u00edt \u017e\u00e1dn\u00e9 vhodn\u00e9 softwarov\u00e9 \u0159e\u0161en\u00ed, kter\u00e9 by bylo flexibiln\u00ed a z\u00e1rove\u0148 cenov\u011b dostupn\u00e9. Absence kvalitn\u00edho provozn\u00edho syst\u00e9mu na trhu a nedostatek kvalifikovan\u00e9 pracovn\u00ed s\u00edly v oboru znamenalo, \u017ee jim agenda pomalu ale jist\u011b za\u010dala p\u0159er\u016fstat p\u0159es hlavu a bylo nutn\u00e9 hledat nov\u00e9 cesty, jak z toho ven. Hospitality se i dnes neust\u00e1le pot\u00fdk\u00e1 s nar\u016fstaj\u00edc\u00ed administrativou a nedostatkem kvalitn\u00ed pracovn\u00ed s\u00edly. Hoteli\u00e9r\u016fm mnohdy nezb\u00fdv\u00e1 \u010das v\u011bnovat se sv\u00fdm host\u016fm a zlep\u0161ov\u00e1n\u00ed sv\u00fdch slu\u017eeb.<\/p><p>Od sv\u00e9ho vzniku jsme proto cht\u011bli j\u00edt proti zajet\u00fdm stereotyp\u016fm a d\u011blat v\u011bci jinak &#8211; jednodu\u0161e a chyt\u0159e. Cht\u011bli jsme vytvo\u0159it produkt, kter\u00fd majitel\u016fm nebude jen ukazovat \u010d\u00edsla a jm\u00e9na, ale bude aktivn\u011b \u0161et\u0159it co nejv\u00edce cenn\u00e9ho \u010dasu. V\u0161echny \u010dasov\u011b n\u00e1ro\u010dn\u00e9 a opakuj\u00edc\u00ed se procesy jsme dok\u00e1zali automatizovat nebo zjednodu\u0161it vyu\u017eit\u00edm modern\u00edch technologi\u00ed. Nap\u0159\u00edklad jsme cel\u00fd syst\u00e9m od po\u010d\u00e1tku vytv\u00e1\u0159eli v cloudu aby bylo mo\u017en\u00e9 v\u0161e jednodu\u0161e spravovat odkudkoliv a z jak\u00e9hokoliv za\u0159\u00edzen\u00ed.<\/p><\/div>\n\t\t\t\t<\/div>\n\t\t\t\t<\/div>\n\t\t\t\t\t\t<\/div>\n\t\t\t\t\t<\/div>\n\t\t<\/div>\n\t\t\t\t\t\t\t\t<\/div>\n\t\t\t\t\t<\/div>\n\t\t<\/section>\n\t\t\t\t<section class=\"elementor-section elementor-top-section elementor-element elementor-element-8fc8556 elementor-section-boxed elementor-section-height-default elementor-section-height-default\" data-id=\"8fc8556\" data-element_type=\"section\">\n\t\t\t\t\t\t<div class=\"elementor-container elementor-column-gap-default\">\n\t\t\t\t\t\t\t<div class=\"elementor-row\">\n\t\t\t\t\t<div class=\"elementor-column elementor-col-50 elementor-top-column elementor-element elementor-element-efef7c9 second\" data-id=\"efef7c9\" data-element_type=\"column\">\n\t\t\t<div class=\"elementor-column-wrap elementor-element-populated\">\n\t\t\t\t\t\t\t<div class=\"elementor-widget-wrap\">\n\t\t\t\t\t\t<div class=\"elementor-element elementor-element-d5a1151 elementor-invisible elementor-widget elementor-widget-image\" data-id=\"d5a1151\" data-element_type=\"widget\" data-settings=\"{&quot;_animation&quot;:&quot;fadeInLeft&quot;}\" data-widget_type=\"image.default\">\n\t\t\t\t<div class=\"elementor-widget-container\">\n\t\t\t\t\t<div class=\"elementor-image\">\n\t\t\t\t\t\t\t\t\t\t<img loading=\"lazy\" width=\"800\" height=\"600\" src=\"https:\/\/better-hotel.com\/wp-content\/uploads\/sites\/11\/2020\/09\/mevris-meetup.jpg\" class=\"attachment-large size-large\" alt=\"\" decoding=\"async\" srcset=\"https:\/\/better-hotel.com\/wp-content\/uploads\/sites\/11\/2020\/09\/mevris-meetup.jpg 1000w, https:\/\/better-hotel.com\/wp-content\/uploads\/sites\/11\/2020\/09\/mevris-meetup-300x225.jpg 300w, https:\/\/better-hotel.com\/wp-content\/uploads\/sites\/11\/2020\/09\/mevris-meetup-768x576.jpg 768w\" sizes=\"(max-width: 800px) 100vw, 800px\" \/>\t\t\t\t\t\t\t\t\t\t\t<\/div>\n\t\t\t\t<\/div>\n\t\t\t\t<\/div>\n\t\t\t\t\t\t<\/div>\n\t\t\t\t\t<\/div>\n\t\t<\/div>\n\t\t\t\t<div class=\"elementor-column elementor-col-50 elementor-top-column elementor-element elementor-element-3c8a587\" data-id=\"3c8a587\" data-element_type=\"column\">\n\t\t\t<div class=\"elementor-column-wrap elementor-element-populated\">\n\t\t\t\t\t\t\t<div class=\"elementor-widget-wrap\">\n\t\t\t\t\t\t<div class=\"elementor-element elementor-element-98c9f05 elementor-widget elementor-widget-text-editor\" data-id=\"98c9f05\" data-element_type=\"widget\" data-widget_type=\"text-editor.default\">\n\t\t\t\t<div class=\"elementor-widget-container\">\n\t\t\t\t\t<div class=\"elementor-text-editor elementor-clearfix\"><p>A tak vznikl Better Hotel \u2013 inovativn\u00ed \u0159e\u0161en\u00ed, kter\u00e9 umo\u017e\u0148uje\u00a0bezstarostnou\u00a0spr\u00e1vu ka\u017ed\u00e9ho ubytovac\u00edho za\u0159\u00edzen\u00ed.<\/p><p>Po bezm\u00e1la deseti letech se zm\u011bnilo mnoh\u00e9. Z jednoho \u010dlov\u011bka se n\u00e1\u0161 t\u00fdm postupn\u011b rozrostl o spoustu talentovan\u00fdch a zap\u00e1len\u00fdch lid\u00ed. Na\u0161e mise v\u0161ak z\u016fst\u00e1v\u00e1 stejn\u00e1: St\u00e1le chceme hoteli\u00e9r\u016fm zjednodu\u0161ovat \u017eivot.<\/p><p>Pe\u010dliv\u011b naslouch\u00e1me pot\u0159eb\u00e1m klient\u016f a jejich host\u016f. Ve spolupr\u00e1ci s nimi syst\u00e9m neust\u00e1le vylep\u0161ujeme a p\u0159id\u00e1v\u00e1me mu nov\u00e9 funkce. I d\u00edky tomu syst\u00e9m Better Hotel dnes uleh\u010duje pr\u00e1ci v\u00edce ne\u017e dv\u011bma t\u00eds\u00edc\u016fm u\u017eivatel\u016f ve \u010dty\u0159ech zem\u00edch sv\u011bta.<\/p><p>Na\u0161\u00ed viz\u00ed je chytr\u00fd hotel. Je to hotel, kter\u00fd se s pomoc\u00ed technologi\u00ed spravuje s\u00e1m. Hotel, kter\u00fd nebude vy\u017eadovat 100% pozornosti a je imunn\u00ed v\u016f\u010di lidsk\u00fdm chyb\u00e1m. Hotel, kter\u00fd dok\u00e1\u017ee p\u0159edv\u00eddat pot\u0159eby host\u016f a dok\u00e1\u017ee nab\u00eddnout \u0161pi\u010dkovou Guest Experience.<\/p><p>Chytr\u00fd hotel je koncept, kter\u00fd hoteli\u00e9r\u016fm umo\u017en\u00ed kone\u010dn\u011b se soust\u0159edit na to, co je skute\u010dn\u011b d\u016fle\u017eit\u00e9&#8230;<\/p><\/div>\n\t\t\t\t<\/div>\n\t\t\t\t<\/div>\n\t\t\t\t\t\t<\/div>\n\t\t\t\t\t<\/div>\n\t\t<\/div>\n\t\t\t\t\t\t\t\t<\/div>\n\t\t\t\t\t<\/div>\n\t\t<\/section>\n\t\t\t\t<section class=\"elementor-section elementor-top-section elementor-element elementor-element-39822ab4 elementor-section-height-min-height elementor-section-boxed elementor-section-height-default elementor-section-items-middle\" data-id=\"39822ab4\" data-element_type=\"section\" data-settings=\"{&quot;background_background&quot;:&quot;classic&quot;}\">\n\t\t\t\t\t\t<div class=\"elementor-container elementor-column-gap-default\">\n\t\t\t\t\t\t\t<div class=\"elementor-row\">\n\t\t\t\t\t<div class=\"elementor-column elementor-col-100 elementor-top-column elementor-element elementor-element-3598779c\" data-id=\"3598779c\" data-element_type=\"column\">\n\t\t\t<div class=\"elementor-column-wrap elementor-element-populated\">\n\t\t\t\t\t\t\t<div class=\"elementor-widget-wrap\">\n\t\t\t\t\t\t<div class=\"elementor-element elementor-element-64e80dc0 elementor-widget elementor-widget-heading\" data-id=\"64e80dc0\" data-element_type=\"widget\" data-widget_type=\"heading.default\">\n\t\t\t\t<div class=\"elementor-widget-container\">\n\t\t\t<h3 class=\"elementor-heading-title elementor-size-default\">Zaj\u00edmaj\u00ed v\u00e1s novinky ze sv\u011bta hospitality? <\/br>Sledujte n\u00e1s!<\/h3>\t\t<\/div>\n\t\t\t\t<\/div>\n\t\t\t\t<div class=\"elementor-element elementor-element-4b90244e elementor-position-left elementor-vertical-align-middle elementor-widget__width-auto elementor-widget-mobile__width-auto elementor-view-default elementor-widget elementor-widget-icon-box\" data-id=\"4b90244e\" data-element_type=\"widget\" data-widget_type=\"icon-box.default\">\n\t\t\t\t<div class=\"elementor-widget-container\">\n\t\t\t\t\t<div class=\"elementor-icon-box-wrapper\">\n\t\t\t\t\t\t<div class=\"elementor-icon-box-icon\">\n\t\t\t\t<a class=\"elementor-icon elementor-animation-\" href=\"https:\/\/www.facebook.com\/mevriscz\/\" target=\"_blank\">\n\t\t\t\t<i aria-hidden=\"true\" class=\"fab fa-facebook\"><\/i>\t\t\t\t<\/a>\n\t\t\t<\/div>\n\t\t\t\t\t\t<div class=\"elementor-icon-box-content\">\n\t\t\t\t<h3 class=\"elementor-icon-box-title\">\n\t\t\t\t\t<a href=\"https:\/\/www.facebook.com\/mevriscz\/\" target=\"_blank\">Facebook<\/a>\n\t\t\t\t<\/h3>\n\t\t\t\t\t\t\t<\/div>\n\t\t<\/div>\n\t\t\t\t<\/div>\n\t\t\t\t<\/div>\n\t\t\t\t<div class=\"elementor-element elementor-element-3d5e363a elementor-position-left elementor-vertical-align-middle elementor-widget__width-auto elementor-widget-mobile__width-auto elementor-view-default elementor-widget elementor-widget-icon-box\" data-id=\"3d5e363a\" data-element_type=\"widget\" data-widget_type=\"icon-box.default\">\n\t\t\t\t<div class=\"elementor-widget-container\">\n\t\t\t\t\t<div class=\"elementor-icon-box-wrapper\">\n\t\t\t\t\t\t<div class=\"elementor-icon-box-icon\">\n\t\t\t\t<a class=\"elementor-icon elementor-animation-\" href=\"https:\/\/www.linkedin.com\/company\/mevriscz\" target=\"_blank\">\n\t\t\t\t<i aria-hidden=\"true\" class=\"fab fa-linkedin\"><\/i>\t\t\t\t<\/a>\n\t\t\t<\/div>\n\t\t\t\t\t\t<div class=\"elementor-icon-box-content\">\n\t\t\t\t<h3 class=\"elementor-icon-box-title\">\n\t\t\t\t\t<a href=\"https:\/\/www.linkedin.com\/company\/mevriscz\" target=\"_blank\">LinkedIn<\/a>\n\t\t\t\t<\/h3>\n\t\t\t\t\t\t\t<\/div>\n\t\t<\/div>\n\t\t\t\t<\/div>\n\t\t\t\t<\/div>\n\t\t\t\t<div class=\"elementor-element elementor-element-34594f25 elementor-position-left elementor-vertical-align-middle elementor-widget__width-auto elementor-widget-mobile__width-auto elementor-view-default elementor-widget elementor-widget-icon-box\" data-id=\"34594f25\" data-element_type=\"widget\" data-widget_type=\"icon-box.default\">\n\t\t\t\t<div class=\"elementor-widget-container\">\n\t\t\t\t\t<div class=\"elementor-icon-box-wrapper\">\n\t\t\t\t\t\t<div class=\"elementor-icon-box-icon\">\n\t\t\t\t<a class=\"elementor-icon elementor-animation-\" href=\"https:\/\/www.instagram.com\/mevriscz\/\" target=\"_blank\">\n\t\t\t\t<i aria-hidden=\"true\" class=\"fab fa-instagram\"><\/i>\t\t\t\t<\/a>\n\t\t\t<\/div>\n\t\t\t\t\t\t<div class=\"elementor-icon-box-content\">\n\t\t\t\t<h3 class=\"elementor-icon-box-title\">\n\t\t\t\t\t<a href=\"https:\/\/www.instagram.com\/mevriscz\/\" target=\"_blank\">Instagram<\/a>\n\t\t\t\t<\/h3>\n\t\t\t\t\t\t\t<\/div>\n\t\t<\/div>\n\t\t\t\t<\/div>\n\t\t\t\t<\/div>\n\t\t\t\t\t\t<\/div>\n\t\t\t\t\t<\/div>\n\t\t<\/div>\n\t\t\t\t\t\t\t\t<\/div>\n\t\t\t\t\t<\/div>\n\t\t<\/section>\n\t\t\t\t<section class=\"elementor-section elementor-top-section elementor-element elementor-element-55e06a32 elementor-section-boxed elementor-section-height-default elementor-section-height-default\" data-id=\"55e06a32\" data-element_type=\"section\" data-settings=\"{&quot;background_background&quot;:&quot;classic&quot;}\">\n\t\t\t\t\t\t<div class=\"elementor-container elementor-column-gap-default\">\n\t\t\t\t\t\t\t<div class=\"elementor-row\">\n\t\t\t\t\t<div class=\"elementor-column elementor-col-66 elementor-top-column elementor-element elementor-element-697a6813 second\" data-id=\"697a6813\" data-element_type=\"column\">\n\t\t\t<div class=\"elementor-column-wrap elementor-element-populated\">\n\t\t\t\t\t\t\t<div class=\"elementor-widget-wrap\">\n\t\t\t\t\t\t<div class=\"elementor-element elementor-element-605a55b2 elementor-widget elementor-widget-heading\" data-id=\"605a55b2\" data-element_type=\"widget\" data-widget_type=\"heading.default\">\n\t\t\t\t<div class=\"elementor-widget-container\">\n\t\t\t<h3 class=\"elementor-heading-title elementor-size-default\">Better Hotel p\u0159in\u00e1\u0161\u00ed re\u00e1ln\u00e9 v\u00fdsledky - p\u0159esv\u011bd\u010dte se tak\u00e9!<\/h3>\t\t<\/div>\n\t\t\t\t<\/div>\n\t\t\t\t<section class=\"elementor-section elementor-inner-section elementor-element elementor-element-371cf2df elementor-section-boxed elementor-section-height-default elementor-section-height-default\" data-id=\"371cf2df\" data-element_type=\"section\">\n\t\t\t\t\t\t<div class=\"elementor-container elementor-column-gap-default\">\n\t\t\t\t\t\t\t<div class=\"elementor-row\">\n\t\t\t\t\t<div class=\"elementor-column elementor-col-33 elementor-inner-column elementor-element elementor-element-4ee7dd92\" data-id=\"4ee7dd92\" data-element_type=\"column\">\n\t\t\t<div class=\"elementor-column-wrap elementor-element-populated\">\n\t\t\t\t\t\t\t<div class=\"elementor-widget-wrap\">\n\t\t\t\t\t\t<div class=\"elementor-element elementor-element-622cd882 elementor-widget elementor-widget-counter\" data-id=\"622cd882\" data-element_type=\"widget\" data-widget_type=\"counter.default\">\n\t\t\t\t<div class=\"elementor-widget-container\">\n\t\t\t\t\t<div class=\"elementor-counter\">\n\t\t\t<div class=\"elementor-counter-number-wrapper\">\n\t\t\t\t<span class=\"elementor-counter-number-prefix\">+<\/span>\n\t\t\t\t<span class=\"elementor-counter-number\" data-duration=\"2000\" data-to-value=\"100\" data-from-value=\"0\" data-delimiter=\",\">0<\/span>\n\t\t\t\t<span class=\"elementor-counter-number-suffix\">%<\/span>\n\t\t\t<\/div>\n\t\t\t\t\t\t\t<div class=\"elementor-counter-title\">ro\u010dn\u00ed n\u00e1r\u016fst tr\u017eeb<\/div>\n\t\t\t\t\t<\/div>\n\t\t\t\t<\/div>\n\t\t\t\t<\/div>\n\t\t\t\t\t\t<\/div>\n\t\t\t\t\t<\/div>\n\t\t<\/div>\n\t\t\t\t<div class=\"elementor-column elementor-col-33 elementor-inner-column elementor-element elementor-element-651ebc72\" data-id=\"651ebc72\" data-element_type=\"column\">\n\t\t\t<div class=\"elementor-column-wrap elementor-element-populated\">\n\t\t\t\t\t\t\t<div class=\"elementor-widget-wrap\">\n\t\t\t\t\t\t<div class=\"elementor-element elementor-element-27745a8c elementor-widget elementor-widget-counter\" data-id=\"27745a8c\" data-element_type=\"widget\" data-widget_type=\"counter.default\">\n\t\t\t\t<div class=\"elementor-widget-container\">\n\t\t\t\t\t<div class=\"elementor-counter\">\n\t\t\t<div class=\"elementor-counter-number-wrapper\">\n\t\t\t\t<span class=\"elementor-counter-number-prefix\"><\/span>\n\t\t\t\t<span class=\"elementor-counter-number\" data-duration=\"2000\" data-to-value=\"160\" data-from-value=\"0\" data-delimiter=\",\">0<\/span>\n\t\t\t\t<span class=\"elementor-counter-number-suffix\">h<\/span>\n\t\t\t<\/div>\n\t\t\t\t\t\t\t<div class=\"elementor-counter-title\">u\u0161et\u0159en\u00e9 pr\u00e1ce t\u00fddn\u011b<\/div>\n\t\t\t\t\t<\/div>\n\t\t\t\t<\/div>\n\t\t\t\t<\/div>\n\t\t\t\t\t\t<\/div>\n\t\t\t\t\t<\/div>\n\t\t<\/div>\n\t\t\t\t<div class=\"elementor-column elementor-col-33 elementor-inner-column elementor-element elementor-element-16a65796\" data-id=\"16a65796\" data-element_type=\"column\">\n\t\t\t<div class=\"elementor-column-wrap elementor-element-populated\">\n\t\t\t\t\t\t\t<div class=\"elementor-widget-wrap\">\n\t\t\t\t\t\t<div class=\"elementor-element elementor-element-252ea72a elementor-widget elementor-widget-counter\" data-id=\"252ea72a\" data-element_type=\"widget\" data-widget_type=\"counter.default\">\n\t\t\t\t<div class=\"elementor-widget-container\">\n\t\t\t\t\t<div class=\"elementor-counter\">\n\t\t\t<div class=\"elementor-counter-number-wrapper\">\n\t\t\t\t<span class=\"elementor-counter-number-prefix\">+<\/span>\n\t\t\t\t<span class=\"elementor-counter-number\" data-duration=\"2000\" data-to-value=\"70\" data-from-value=\"0\" data-delimiter=\",\">0<\/span>\n\t\t\t\t<span class=\"elementor-counter-number-suffix\">%<\/span>\n\t\t\t<\/div>\n\t\t\t\t\t\t\t<div class=\"elementor-counter-title\">p\u0159\u00edm\u00fdch rezervac\u00ed<\/div>\n\t\t\t\t\t<\/div>\n\t\t\t\t<\/div>\n\t\t\t\t<\/div>\n\t\t\t\t\t\t<\/div>\n\t\t\t\t\t<\/div>\n\t\t<\/div>\n\t\t\t\t\t\t\t\t<\/div>\n\t\t\t\t\t<\/div>\n\t\t<\/section>\n\t\t\t\t<div class=\"elementor-element elementor-element-12fb06cd elementor-mobile-align-justify elementor-tablet-align-center elementor-align-left elementor-widget elementor-widget-button\" data-id=\"12fb06cd\" data-element_type=\"widget\" data-widget_type=\"button.default\">\n\t\t\t\t<div class=\"elementor-widget-container\">\n\t\t\t\t\t<div class=\"elementor-button-wrapper\">\n\t\t\t<a href=\"#\" class=\"elementor-button-link elementor-button elementor-size-sm elementor-animation-grow\" role=\"button\">\n\t\t\t\t\t\t<span class=\"elementor-button-content-wrapper\">\n\t\t\t\t\t\t<span class=\"elementor-button-icon elementor-align-icon-right\">\n\t\t\t\t<i aria-hidden=\"true\" class=\"fas fa-arrow-right\"><\/i>\t\t\t<\/span>\n\t\t\t\t\t\t<span class=\"elementor-button-text\">P\u0159\u00edpadov\u00e9 studie<\/span>\n\t\t<\/span>\n\t\t\t\t\t<\/a>\n\t\t<\/div>\n\t\t\t\t<\/div>\n\t\t\t\t<\/div>\n\t\t\t\t\t\t<\/div>\n\t\t\t\t\t<\/div>\n\t\t<\/div>\n\t\t\t\t<div class=\"elementor-column elementor-col-33 elementor-top-column elementor-element elementor-element-54a4af60\" data-id=\"54a4af60\" data-element_type=\"column\">\n\t\t\t<div class=\"elementor-column-wrap elementor-element-populated\">\n\t\t\t\t\t\t\t<div class=\"elementor-widget-wrap\">\n\t\t\t\t\t\t<div class=\"elementor-element elementor-element-663e392b elementor-widget elementor-widget-image\" data-id=\"663e392b\" data-element_type=\"widget\" data-widget_type=\"image.default\">\n\t\t\t\t<div class=\"elementor-widget-container\">\n\t\t\t\t\t<div class=\"elementor-image\">\n\t\t\t\t\t\t\t\t\t\t<img loading=\"lazy\" width=\"800\" height=\"623\" src=\"https:\/\/better-hotel.com\/wp-content\/uploads\/sites\/11\/2020\/06\/case-studies-image.png\" class=\"attachment-large size-large\" alt=\"\" decoding=\"async\" srcset=\"https:\/\/better-hotel.com\/wp-content\/uploads\/sites\/11\/2020\/06\/case-studies-image.png 940w, https:\/\/better-hotel.com\/wp-content\/uploads\/sites\/11\/2020\/06\/case-studies-image-300x234.png 300w, https:\/\/better-hotel.com\/wp-content\/uploads\/sites\/11\/2020\/06\/case-studies-image-768x598.png 768w\" sizes=\"(max-width: 800px) 100vw, 800px\" \/>\t\t\t\t\t\t\t\t\t\t\t<\/div>\n\t\t\t\t<\/div>\n\t\t\t\t<\/div>\n\t\t\t\t\t\t<\/div>\n\t\t\t\t\t<\/div>\n\t\t<\/div>\n\t\t\t\t\t\t\t\t<\/div>\n\t\t\t\t\t<\/div>\n\t\t<\/section>\n\t\t\t\t\t\t<\/div>\n\t\t\t\t\t\t<\/div>\n\t\t\t\t\t<\/div>\n\t\t","protected":false},"excerpt":{"rendered":"<p>Jsme Better Hotel a tohle je n\u00e1\u0161 p\u0159\u00edb\u011bh&#8230; Na\u0161e cesta za\u010dala u\u017e v roce 2014 n\u00e1padem vytvo\u0159it jednoduch\u00fd rezerva\u010dn\u00ed syst\u00e9m pro mal\u00fd horsk\u00fd penzion s c\u00edlem zjednodu\u0161it \u017eivot jeho majitel\u016fm. Ti nemohli naj\u00edt \u017e\u00e1dn\u00e9 vhodn\u00e9 softwarov\u00e9 \u0159e\u0161en\u00ed, kter\u00e9 by bylo flexibiln\u00ed a z\u00e1rove\u0148 cenov\u011b dostupn\u00e9. Absence kvalitn\u00edho provozn\u00edho syst\u00e9mu na trhu a nedostatek kvalifikovan\u00e9 pracovn\u00ed [&hellip;]<\/p>\n","protected":false},"author":1,"featured_media":961,"parent":979,"menu_order":0,"comment_status":"closed","ping_status":"closed","template":"elementor_header_footer","meta":{"footnotes":""},"aioseo_notices":[],"_links":{"self":[{"href":"https:\/\/better-hotel.com\/cs\/wp-json\/wp\/v2\/pages\/887"}],"collection":[{"href":"https:\/\/better-hotel.com\/cs\/wp-json\/wp\/v2\/pages"}],"about":[{"href":"https:\/\/better-hotel.com\/cs\/wp-json\/wp\/v2\/types\/page"}],"author":[{"embeddable":true,"href":"https:\/\/better-hotel.com\/cs\/wp-json\/wp\/v2\/users\/1"}],"replies":[{"embeddable":true,"href":"https:\/\/better-hotel.com\/cs\/wp-json\/wp\/v2\/comments?post=887"}],"version-history":[{"count":92,"href":"https:\/\/better-hotel.com\/cs\/wp-json\/wp\/v2\/pages\/887\/revisions"}],"predecessor-version":[{"id":11374,"href":"https:\/\/better-hotel.com\/cs\/wp-json\/wp\/v2\/pages\/887\/revisions\/11374"}],"up":[{"embeddable":true,"href":"https:\/\/better-hotel.com\/cs\/wp-json\/wp\/v2\/pages\/979"}],"wp:featuredmedia":[{"embeddable":true,"href":"https:\/\/better-hotel.com\/cs\/wp-json\/wp\/v2\/media\/961"}],"wp:attachment":[{"href":"https:\/\/better-hotel.com\/cs\/wp-json\/wp\/v2\/media?parent=887"}],"curies":[{"name":"wp","href":"https:\/\/api.w.org\/{rel}","templated":true}]}}