{"id":7568,"date":"2022-08-26T10:46:27","date_gmt":"2022-08-26T08:46:27","guid":{"rendered":"https:\/\/better-hotel.com\/?page_id=7568"},"modified":"2025-12-28T10:34:21","modified_gmt":"2025-12-28T09:34:21","slug":"vyzkousejte-si-hotelovy-system-na-30-dni-zdarma","status":"publish","type":"page","link":"https:\/\/better-hotel.com\/cs\/vyzkousejte-si-hotelovy-system-na-30-dni-zdarma\/","title":{"rendered":"Objedn\u00e1vka zku\u0161ebn\u00ed verze"},"content":{"rendered":"\t\t<div data-elementor-type=\"wp-page\" data-elementor-id=\"7568\" class=\"elementor elementor-7568\" data-elementor-settings=\"[]\">\n\t\t\t\t\t\t<div class=\"elementor-inner\">\n\t\t\t\t\t\t\t<div class=\"elementor-section-wrap\">\n\t\t\t\t\t\t\t<section class=\"elementor-section elementor-top-section elementor-element elementor-element-5d0c127 elementor-section-boxed elementor-section-height-default elementor-section-height-default\" data-id=\"5d0c127\" data-element_type=\"section\">\n\t\t\t\t\t\t<div class=\"elementor-container elementor-column-gap-default\">\n\t\t\t\t\t\t\t<div class=\"elementor-row\">\n\t\t\t\t\t<div class=\"elementor-column elementor-col-100 elementor-top-column elementor-element elementor-element-1680d82\" data-id=\"1680d82\" data-element_type=\"column\" data-settings=\"{&quot;background_background&quot;:&quot;classic&quot;}\">\n\t\t\t<div class=\"elementor-column-wrap elementor-element-populated\">\n\t\t\t\t\t\t\t<div class=\"elementor-widget-wrap\">\n\t\t\t\t\t\t<div class=\"elementor-element elementor-element-173bdbc elementor-widget elementor-widget-html\" data-id=\"173bdbc\" data-element_type=\"widget\" data-widget_type=\"html.default\">\n\t\t\t\t<div class=\"elementor-widget-container\">\n\t\t\t<!-- Event snippet for Kontaktn\u00ed formul\u00e1\u0159 conversion page -->\n<script>\n  gtag('event', 'conversion', {'send_to': 'AW-963976587\/xJddCKP0zOYBEIu71MsD'});\n<\/script>\n\t\t<\/div>\n\t\t\t\t<\/div>\n\t\t\t\t<div class=\"elementor-element elementor-element-76a7b6c elementor-widget elementor-widget-heading\" data-id=\"76a7b6c\" data-element_type=\"widget\" data-widget_type=\"heading.default\">\n\t\t\t\t<div class=\"elementor-widget-container\">\n\t\t\t<h2 class=\"elementor-heading-title elementor-size-default\">Vyzkou\u0161ejte si hotelov\u00fd syst\u00e9m na 30 dn\u00ed zdarma!<\/h2>\t\t<\/div>\n\t\t\t\t<\/div>\n\t\t\t\t<div class=\"elementor-element elementor-element-7c487ec elementor-hidden-phone elementor-widget elementor-widget-text-editor\" data-id=\"7c487ec\" data-element_type=\"widget\" data-widget_type=\"text-editor.default\">\n\t\t\t\t<div class=\"elementor-widget-container\">\n\t\t\t\t\t<div class=\"elementor-text-editor elementor-clearfix\"><p>Nemus\u00edme v\u00e1s p\u0159esv\u011bd\u010dovat o tom, pro\u010d budete m\u00edt d\u00edky syst\u00e9mu Better Hotel lep\u0161\u00ed hotel. Sta\u010d\u00ed, kdy\u017e si ho zkus\u00edte.<br \/>Za p\u00e1r minut sami pochop\u00edte, pro\u010d si n\u00e1s vybrali u\u017e stovky hoteli\u00e9r\u016f. A pro\u010d od n\u00e1s nikdo neodch\u00e1z\u00ed.<\/p><\/div>\n\t\t\t\t<\/div>\n\t\t\t\t<\/div>\n\t\t\t\t<section class=\"elementor-section elementor-inner-section elementor-element elementor-element-8352ec5 elementor-section-boxed elementor-section-height-default elementor-section-height-default\" data-id=\"8352ec5\" data-element_type=\"section\">\n\t\t\t\t\t\t<div class=\"elementor-container elementor-column-gap-default\">\n\t\t\t\t\t\t\t<div class=\"elementor-row\">\n\t\t\t\t\t<div class=\"elementor-column elementor-col-50 elementor-inner-column elementor-element elementor-element-c8f728c\" data-id=\"c8f728c\" data-element_type=\"column\" data-settings=\"{&quot;background_background&quot;:&quot;classic&quot;}\">\n\t\t\t<div class=\"elementor-column-wrap elementor-element-populated\">\n\t\t\t\t\t\t\t<div class=\"elementor-widget-wrap\">\n\t\t\t\t\t\t<div class=\"elementor-element elementor-element-6d3b6f4 elementor-widget-divider--view-line_text elementor-widget-divider--element-align-center elementor-widget elementor-widget-divider\" data-id=\"6d3b6f4\" data-element_type=\"widget\" data-widget_type=\"divider.default\">\n\t\t\t\t<div class=\"elementor-widget-container\">\n\t\t\t\t\t<div class=\"elementor-divider\">\n\t\t\t<span class=\"elementor-divider-separator\">\n\t\t\t\t\t\t\t<p class=\"elementor-divider__text elementor-divider__element\"><div class=\"pipedriveWebForms\" data-pd-webforms=\"https:\/\/webforms.pipedrive.com\/f\/ofY6PsWvzOY6qrEHqNAXo8ei8e8Hp8sN3yxAPzVY4gkVT8XHpuwLH73Rc00fjO3\"><script src=\"https:\/\/webforms.pipedrive.com\/f\/loader\"><\/script><\/div><\/p>\n\t\t\t\t\t\t<\/span>\n\t\t<\/div>\n\t\t\t\t<\/div>\n\t\t\t\t<\/div>\n\t\t\t\t<div class=\"elementor-element elementor-element-58bd74a elementor-align-left elementor-icon-list--layout-traditional elementor-list-item-link-full_width elementor-widget elementor-widget-icon-list\" data-id=\"58bd74a\" data-element_type=\"widget\" data-widget_type=\"icon-list.default\">\n\t\t\t\t<div class=\"elementor-widget-container\">\n\t\t\t\t\t<ul class=\"elementor-icon-list-items\">\n\t\t\t\t\t\t\t<li class=\"elementor-icon-list-item\">\n\t\t\t\t\t\t\t\t\t\t\t<span class=\"elementor-icon-list-icon\">\n\t\t\t\t\t\t\t<i aria-hidden=\"true\" class=\"far fa-check-circle\"><\/i>\t\t\t\t\t\t<\/span>\n\t\t\t\t\t\t\t\t\t\t<span class=\"elementor-icon-list-text\">30 dn\u00ed zdarma<\/span>\n\t\t\t\t\t\t\t\t\t<\/li>\n\t\t\t\t\t\t\t\t<li class=\"elementor-icon-list-item\">\n\t\t\t\t\t\t\t\t\t\t\t<span class=\"elementor-icon-list-icon\">\n\t\t\t\t\t\t\t<i aria-hidden=\"true\" class=\"far fa-check-circle\"><\/i>\t\t\t\t\t\t<\/span>\n\t\t\t\t\t\t\t\t\t\t<span class=\"elementor-icon-list-text\">\u017d\u00e1dn\u00e9 vstupn\u00ed poplatky<\/span>\n\t\t\t\t\t\t\t\t\t<\/li>\n\t\t\t\t\t\t\t\t<li class=\"elementor-icon-list-item\">\n\t\t\t\t\t\t\t\t\t\t\t<span class=\"elementor-icon-list-icon\">\n\t\t\t\t\t\t\t<i aria-hidden=\"true\" class=\"far fa-check-circle\"><\/i>\t\t\t\t\t\t<\/span>\n\t\t\t\t\t\t\t\t\t\t<span class=\"elementor-icon-list-text\">Mo\u017enost kdykoliv skon\u010dit<\/span>\n\t\t\t\t\t\t\t\t\t<\/li>\n\t\t\t\t\t\t\t\t<li class=\"elementor-icon-list-item\">\n\t\t\t\t\t\t\t\t\t\t\t<span class=\"elementor-icon-list-icon\">\n\t\t\t\t\t\t\t<i aria-hidden=\"true\" class=\"far fa-check-circle\"><\/i>\t\t\t\t\t\t<\/span>\n\t\t\t\t\t\t\t\t\t\t<span class=\"elementor-icon-list-text\">Bez platebn\u00ed karty<\/span>\n\t\t\t\t\t\t\t\t\t<\/li>\n\t\t\t\t\t\t<\/ul>\n\t\t\t\t<\/div>\n\t\t\t\t<\/div>\n\t\t\t\t\t\t<\/div>\n\t\t\t\t\t<\/div>\n\t\t<\/div>\n\t\t\t\t<div class=\"elementor-column elementor-col-50 elementor-inner-column elementor-element elementor-element-0333529\" data-id=\"0333529\" data-element_type=\"column\" data-settings=\"{&quot;background_background&quot;:&quot;classic&quot;}\">\n\t\t\t<div class=\"elementor-column-wrap\">\n\t\t\t\t\t\t\t<div class=\"elementor-widget-wrap\">\n\t\t\t\t\t\t\t\t<\/div>\n\t\t\t\t\t<\/div>\n\t\t<\/div>\n\t\t\t\t\t\t\t\t<\/div>\n\t\t\t\t\t<\/div>\n\t\t<\/section>\n\t\t\t\t\t\t<\/div>\n\t\t\t\t\t<\/div>\n\t\t<\/div>\n\t\t\t\t\t\t\t\t<\/div>\n\t\t\t\t\t<\/div>\n\t\t<\/section>\n\t\t\t\t<section class=\"elementor-section elementor-top-section elementor-element elementor-element-ac3b2db elementor-section-boxed elementor-section-height-default elementor-section-height-default\" data-id=\"ac3b2db\" data-element_type=\"section\">\n\t\t\t\t\t\t<div class=\"elementor-container elementor-column-gap-default\">\n\t\t\t\t\t\t\t<div class=\"elementor-row\">\n\t\t\t\t\t\t\t\t\t<\/div>\n\t\t\t\t\t<\/div>\n\t\t<\/section>\n\t\t\t\t\t\t<\/div>\n\t\t\t\t\t\t<\/div>\n\t\t\t\t\t<\/div>\n\t\t","protected":false},"excerpt":{"rendered":"<p>Vyzkou\u0161ejte si hotelov\u00fd syst\u00e9m na 30 dn\u00ed zdarma! Nemus\u00edme v\u00e1s p\u0159esv\u011bd\u010dovat o tom, pro\u010d budete m\u00edt d\u00edky syst\u00e9mu Better Hotel lep\u0161\u00ed hotel. Sta\u010d\u00ed, kdy\u017e si ho zkus\u00edte.Za p\u00e1r minut sami pochop\u00edte, pro\u010d si n\u00e1s vybrali u\u017e stovky hoteli\u00e9r\u016f. A pro\u010d od n\u00e1s nikdo neodch\u00e1z\u00ed. 30 dn\u00ed zdarma \u017d\u00e1dn\u00e9 vstupn\u00ed poplatky Mo\u017enost kdykoliv skon\u010dit Bez platebn\u00ed [&hellip;]<\/p>\n","protected":false},"author":1,"featured_media":0,"parent":0,"menu_order":0,"comment_status":"closed","ping_status":"closed","template":"elementor_header_footer","meta":{"footnotes":""},"aioseo_notices":[],"_links":{"self":[{"href":"https:\/\/better-hotel.com\/cs\/wp-json\/wp\/v2\/pages\/7568"}],"collection":[{"href":"https:\/\/better-hotel.com\/cs\/wp-json\/wp\/v2\/pages"}],"about":[{"href":"https:\/\/better-hotel.com\/cs\/wp-json\/wp\/v2\/types\/page"}],"author":[{"embeddable":true,"href":"https:\/\/better-hotel.com\/cs\/wp-json\/wp\/v2\/users\/1"}],"replies":[{"embeddable":true,"href":"https:\/\/better-hotel.com\/cs\/wp-json\/wp\/v2\/comments?post=7568"}],"version-history":[{"count":42,"href":"https:\/\/better-hotel.com\/cs\/wp-json\/wp\/v2\/pages\/7568\/revisions"}],"predecessor-version":[{"id":13343,"href":"https:\/\/better-hotel.com\/cs\/wp-json\/wp\/v2\/pages\/7568\/revisions\/13343"}],"wp:attachment":[{"href":"https:\/\/better-hotel.com\/cs\/wp-json\/wp\/v2\/media?parent=7568"}],"curies":[{"name":"wp","href":"https:\/\/api.w.org\/{rel}","templated":true}]}}