{"id":274,"date":"2020-06-09T14:27:33","date_gmt":"2020-06-09T12:27:33","guid":{"rendered":"https:\/\/showcase4.better-hotel.com\/?page_id=274"},"modified":"2023-11-07T14:09:54","modified_gmt":"2023-11-07T13:09:54","slug":"reseni","status":"publish","type":"page","link":"https:\/\/better-hotel.com\/cs\/reseni\/","title":{"rendered":"\u0158e\u0161en\u00ed"},"content":{"rendered":"\t\t<div data-elementor-type=\"wp-page\" data-elementor-id=\"274\" class=\"elementor elementor-274\" data-elementor-settings=\"[]\">\n\t\t\t\t\t\t<div class=\"elementor-inner\">\n\t\t\t\t\t\t\t<div class=\"elementor-section-wrap\">\n\t\t\t\t\t\t\t<section class=\"elementor-section elementor-top-section elementor-element elementor-element-33c4ce82 elementor-section-full_width elementor-section-height-default elementor-section-height-default\" data-id=\"33c4ce82\" data-element_type=\"section\">\n\t\t\t\t\t\t<div class=\"elementor-container elementor-column-gap-default\">\n\t\t\t\t\t\t\t<div class=\"elementor-row\">\n\t\t\t\t\t<div class=\"elementor-column elementor-col-100 elementor-top-column elementor-element elementor-element-5a016104\" data-id=\"5a016104\" data-element_type=\"column\" data-settings=\"{&quot;background_background&quot;:&quot;classic&quot;}\">\n\t\t\t<div class=\"elementor-column-wrap elementor-element-populated\">\n\t\t\t\t\t\t\t<div class=\"elementor-widget-wrap\">\n\t\t\t\t\t\t<div class=\"elementor-element elementor-element-74f990bf elementor-widget elementor-widget-heading\" data-id=\"74f990bf\" data-element_type=\"widget\" data-widget_type=\"heading.default\">\n\t\t\t\t<div class=\"elementor-widget-container\">\n\t\t\t<h2 class=\"elementor-heading-title elementor-size-default\">M\u00e1me syst\u00e9m na m\u00edru pro ka\u017ed\u00e9ho\n<\/h2>\t\t<\/div>\n\t\t\t\t<\/div>\n\t\t\t\t<div class=\"elementor-element elementor-element-6daaef2 elementor-widget elementor-widget-text-editor\" data-id=\"6daaef2\" data-element_type=\"widget\" data-widget_type=\"text-editor.default\">\n\t\t\t\t<div class=\"elementor-widget-container\">\n\t\t\t\t\t<div class=\"elementor-text-editor elementor-clearfix\">A\u0165 jste mal\u00fd penzion nebo s\u00ed\u0165 n\u011bkolika hotel\u016f, na\u0161e \u0159e\u0161en\u00ed se V\u00e1m dok\u00e1\u017e\u00ed p\u0159izp\u016fsobit. Inspirujte se, jak mohou syst\u00e9my od Mevrisu pomoci pr\u00e1v\u011b Va\u0161emu za\u0159\u00edzen\u00ed!\n\n<\/div>\n\t\t\t\t<\/div>\n\t\t\t\t<\/div>\n\t\t\t\t<div class=\"elementor-element elementor-element-636841fa elementor-grid-tablet-3 elementor-grid-3 elementor-grid-mobile-1 elementor-widget elementor-widget-portfolio\" data-id=\"636841fa\" data-element_type=\"widget\" data-settings=\"{&quot;columns_tablet&quot;:&quot;3&quot;,&quot;row_gap&quot;:{&quot;unit&quot;:&quot;px&quot;,&quot;size&quot;:10,&quot;sizes&quot;:[]},&quot;columns&quot;:&quot;3&quot;,&quot;columns_mobile&quot;:&quot;1&quot;,&quot;item_ratio&quot;:{&quot;unit&quot;:&quot;px&quot;,&quot;size&quot;:0.66,&quot;sizes&quot;:[]},&quot;item_gap&quot;:{&quot;unit&quot;:&quot;px&quot;,&quot;size&quot;:&quot;&quot;,&quot;sizes&quot;:[]}}\" data-widget_type=\"portfolio.default\">\n\t\t\t\t<div class=\"elementor-widget-container\">\n\t\t\t\t\t<div class=\"elementor-portfolio elementor-grid elementor-posts-container\">\n\t\t\t\t<article class=\"elementor-portfolio-item elementor-post  post-287 page type-page status-publish has-post-thumbnail hentry\">\n\t\t\t<a class=\"elementor-post__thumbnail__link\" href=\"https:\/\/better-hotel.com\/cs\/reseni\/hotely\/\">\n\t\t\t\t<div class=\"elementor-portfolio-item__img elementor-post__thumbnail\">\n\t\t\t<img loading=\"lazy\" width=\"300\" height=\"200\" src=\"https:\/\/better-hotel.com\/wp-content\/uploads\/sites\/11\/2020\/09\/reseni-hotel-300x200.jpg\" class=\"attachment-medium size-medium\" alt=\"\" decoding=\"async\" srcset=\"https:\/\/better-hotel.com\/wp-content\/uploads\/sites\/11\/2020\/09\/reseni-hotel-300x200.jpg 300w, https:\/\/better-hotel.com\/wp-content\/uploads\/sites\/11\/2020\/09\/reseni-hotel-1024x683.jpg 1024w, https:\/\/better-hotel.com\/wp-content\/uploads\/sites\/11\/2020\/09\/reseni-hotel-768x512.jpg 768w, https:\/\/better-hotel.com\/wp-content\/uploads\/sites\/11\/2020\/09\/reseni-hotel-1536x1025.jpg 1536w, https:\/\/better-hotel.com\/wp-content\/uploads\/sites\/11\/2020\/09\/reseni-hotel.jpg 1920w\" sizes=\"(max-width: 300px) 100vw, 300px\" \/>\t\t<\/div>\n\t\t\t\t<div class=\"elementor-portfolio-item__overlay\">\n\t\t\t\t<h4 class=\"elementor-portfolio-item__title\">\n\t\tHotely\t\t<\/h4>\n\t\t\t\t<\/div>\n\t\t\t\t<\/a>\n\t\t<\/article>\n\t\t\t\t<article class=\"elementor-portfolio-item elementor-post  post-375 page type-page status-publish has-post-thumbnail hentry\">\n\t\t\t<a class=\"elementor-post__thumbnail__link\" href=\"https:\/\/better-hotel.com\/cs\/reseni\/apartmany\/\">\n\t\t\t\t<div class=\"elementor-portfolio-item__img elementor-post__thumbnail\">\n\t\t\t<img loading=\"lazy\" width=\"300\" height=\"169\" src=\"https:\/\/better-hotel.com\/wp-content\/uploads\/sites\/11\/2020\/09\/reseni-apartmany-300x169.jpg\" class=\"attachment-medium size-medium\" alt=\"\" decoding=\"async\" srcset=\"https:\/\/better-hotel.com\/wp-content\/uploads\/sites\/11\/2020\/09\/reseni-apartmany-300x169.jpg 300w, https:\/\/better-hotel.com\/wp-content\/uploads\/sites\/11\/2020\/09\/reseni-apartmany-1024x576.jpg 1024w, https:\/\/better-hotel.com\/wp-content\/uploads\/sites\/11\/2020\/09\/reseni-apartmany-768x432.jpg 768w, https:\/\/better-hotel.com\/wp-content\/uploads\/sites\/11\/2020\/09\/reseni-apartmany-1536x864.jpg 1536w, https:\/\/better-hotel.com\/wp-content\/uploads\/sites\/11\/2020\/09\/reseni-apartmany.jpg 1920w\" sizes=\"(max-width: 300px) 100vw, 300px\" \/>\t\t<\/div>\n\t\t\t\t<div class=\"elementor-portfolio-item__overlay\">\n\t\t\t\t<h4 class=\"elementor-portfolio-item__title\">\n\t\tApartm\u00e1ny\t\t<\/h4>\n\t\t\t\t<\/div>\n\t\t\t\t<\/a>\n\t\t<\/article>\n\t\t\t\t<article class=\"elementor-portfolio-item elementor-post  post-379 page type-page status-publish has-post-thumbnail hentry\">\n\t\t\t<a class=\"elementor-post__thumbnail__link\" href=\"https:\/\/better-hotel.com\/cs\/reseni\/restaurace\/\">\n\t\t\t\t<div class=\"elementor-portfolio-item__img elementor-post__thumbnail\">\n\t\t\t<img loading=\"lazy\" width=\"300\" height=\"200\" src=\"https:\/\/better-hotel.com\/wp-content\/uploads\/sites\/11\/2020\/09\/reseni-restaurace-300x200.jpg\" class=\"attachment-medium size-medium\" alt=\"\" decoding=\"async\" srcset=\"https:\/\/better-hotel.com\/wp-content\/uploads\/sites\/11\/2020\/09\/reseni-restaurace-300x200.jpg 300w, https:\/\/better-hotel.com\/wp-content\/uploads\/sites\/11\/2020\/09\/reseni-restaurace-1024x683.jpg 1024w, https:\/\/better-hotel.com\/wp-content\/uploads\/sites\/11\/2020\/09\/reseni-restaurace-768x512.jpg 768w, https:\/\/better-hotel.com\/wp-content\/uploads\/sites\/11\/2020\/09\/reseni-restaurace-1536x1024.jpg 1536w, https:\/\/better-hotel.com\/wp-content\/uploads\/sites\/11\/2020\/09\/reseni-restaurace.jpg 1920w\" sizes=\"(max-width: 300px) 100vw, 300px\" \/>\t\t<\/div>\n\t\t\t\t<div class=\"elementor-portfolio-item__overlay\">\n\t\t\t\t<h4 class=\"elementor-portfolio-item__title\">\n\t\tRestaurace\t\t<\/h4>\n\t\t\t\t<\/div>\n\t\t\t\t<\/a>\n\t\t<\/article>\n\t\t\t\t<\/div>\n\t\t\t\t<\/div>\n\t\t\t\t<\/div>\n\t\t\t\t<div class=\"elementor-element elementor-element-605e9b0 elementor-grid-4 elementor-grid-tablet-3 elementor-grid-mobile-1 elementor-widget elementor-widget-portfolio\" data-id=\"605e9b0\" data-element_type=\"widget\" data-settings=\"{&quot;columns&quot;:&quot;4&quot;,&quot;columns_tablet&quot;:&quot;3&quot;,&quot;row_gap&quot;:{&quot;unit&quot;:&quot;px&quot;,&quot;size&quot;:10,&quot;sizes&quot;:[]},&quot;columns_mobile&quot;:&quot;1&quot;,&quot;item_ratio&quot;:{&quot;unit&quot;:&quot;px&quot;,&quot;size&quot;:0.66,&quot;sizes&quot;:[]},&quot;item_gap&quot;:{&quot;unit&quot;:&quot;px&quot;,&quot;size&quot;:&quot;&quot;,&quot;sizes&quot;:[]}}\" data-widget_type=\"portfolio.default\">\n\t\t\t\t<div class=\"elementor-widget-container\">\n\t\t\t\t\t<div class=\"elementor-portfolio elementor-grid elementor-posts-container\">\n\t\t\t\t<article class=\"elementor-portfolio-item elementor-post  post-377 page type-page status-publish has-post-thumbnail hentry\">\n\t\t\t<a class=\"elementor-post__thumbnail__link\" href=\"https:\/\/better-hotel.com\/cs\/reseni\/penziony\/\">\n\t\t\t\t<div class=\"elementor-portfolio-item__img elementor-post__thumbnail\">\n\t\t\t<img loading=\"lazy\" width=\"300\" height=\"200\" src=\"https:\/\/better-hotel.com\/wp-content\/uploads\/sites\/11\/2020\/09\/reseni-penziony-300x200.jpg\" class=\"attachment-medium size-medium\" alt=\"\" decoding=\"async\" srcset=\"https:\/\/better-hotel.com\/wp-content\/uploads\/sites\/11\/2020\/09\/reseni-penziony-300x200.jpg 300w, https:\/\/better-hotel.com\/wp-content\/uploads\/sites\/11\/2020\/09\/reseni-penziony-1024x683.jpg 1024w, https:\/\/better-hotel.com\/wp-content\/uploads\/sites\/11\/2020\/09\/reseni-penziony-768x512.jpg 768w, https:\/\/better-hotel.com\/wp-content\/uploads\/sites\/11\/2020\/09\/reseni-penziony-1536x1024.jpg 1536w, https:\/\/better-hotel.com\/wp-content\/uploads\/sites\/11\/2020\/09\/reseni-penziony.jpg 1920w\" sizes=\"(max-width: 300px) 100vw, 300px\" \/>\t\t<\/div>\n\t\t\t\t<div class=\"elementor-portfolio-item__overlay\">\n\t\t\t\t<h4 class=\"elementor-portfolio-item__title\">\n\t\tPenziony\t\t<\/h4>\n\t\t\t\t<\/div>\n\t\t\t\t<\/a>\n\t\t<\/article>\n\t\t\t\t<article class=\"elementor-portfolio-item elementor-post  post-381 page type-page status-publish has-post-thumbnail hentry\">\n\t\t\t<a class=\"elementor-post__thumbnail__link\" href=\"https:\/\/better-hotel.com\/cs\/reseni\/hotelove-retezce\/\">\n\t\t\t\t<div class=\"elementor-portfolio-item__img elementor-post__thumbnail\">\n\t\t\t<img loading=\"lazy\" width=\"300\" height=\"200\" src=\"https:\/\/better-hotel.com\/wp-content\/uploads\/sites\/11\/2020\/09\/reseni-hotelove-retezce-300x200.jpg\" class=\"attachment-medium size-medium\" alt=\"\" decoding=\"async\" srcset=\"https:\/\/better-hotel.com\/wp-content\/uploads\/sites\/11\/2020\/09\/reseni-hotelove-retezce-300x200.jpg 300w, https:\/\/better-hotel.com\/wp-content\/uploads\/sites\/11\/2020\/09\/reseni-hotelove-retezce-1024x683.jpg 1024w, https:\/\/better-hotel.com\/wp-content\/uploads\/sites\/11\/2020\/09\/reseni-hotelove-retezce-768x512.jpg 768w, https:\/\/better-hotel.com\/wp-content\/uploads\/sites\/11\/2020\/09\/reseni-hotelove-retezce-1536x1024.jpg 1536w, https:\/\/better-hotel.com\/wp-content\/uploads\/sites\/11\/2020\/09\/reseni-hotelove-retezce.jpg 1920w\" sizes=\"(max-width: 300px) 100vw, 300px\" \/>\t\t<\/div>\n\t\t\t\t<div class=\"elementor-portfolio-item__overlay\">\n\t\t\t\t<h4 class=\"elementor-portfolio-item__title\">\n\t\tHotelov\u00e9 \u0159et\u011bzce\t\t<\/h4>\n\t\t\t\t<\/div>\n\t\t\t\t<\/a>\n\t\t<\/article>\n\t\t\t\t<article class=\"elementor-portfolio-item elementor-post  post-383 page type-page status-publish has-post-thumbnail hentry\">\n\t\t\t<a class=\"elementor-post__thumbnail__link\" href=\"https:\/\/better-hotel.com\/cs\/reseni\/hostely\/\">\n\t\t\t\t<div class=\"elementor-portfolio-item__img elementor-post__thumbnail\">\n\t\t\t<img loading=\"lazy\" width=\"300\" height=\"200\" src=\"https:\/\/better-hotel.com\/wp-content\/uploads\/sites\/11\/2020\/09\/reseni-hostely-300x200.jpg\" class=\"attachment-medium size-medium\" alt=\"\" decoding=\"async\" srcset=\"https:\/\/better-hotel.com\/wp-content\/uploads\/sites\/11\/2020\/09\/reseni-hostely-300x200.jpg 300w, https:\/\/better-hotel.com\/wp-content\/uploads\/sites\/11\/2020\/09\/reseni-hostely-1024x683.jpg 1024w, https:\/\/better-hotel.com\/wp-content\/uploads\/sites\/11\/2020\/09\/reseni-hostely-768x512.jpg 768w, https:\/\/better-hotel.com\/wp-content\/uploads\/sites\/11\/2020\/09\/reseni-hostely-1536x1025.jpg 1536w, https:\/\/better-hotel.com\/wp-content\/uploads\/sites\/11\/2020\/09\/reseni-hostely.jpg 1920w\" sizes=\"(max-width: 300px) 100vw, 300px\" \/>\t\t<\/div>\n\t\t\t\t<div class=\"elementor-portfolio-item__overlay\">\n\t\t\t\t<h4 class=\"elementor-portfolio-item__title\">\n\t\tHostely a ubytovny\t\t<\/h4>\n\t\t\t\t<\/div>\n\t\t\t\t<\/a>\n\t\t<\/article>\n\t\t\t\t<article class=\"elementor-portfolio-item elementor-post  post-386 page type-page status-publish has-post-thumbnail hentry\">\n\t\t\t<a class=\"elementor-post__thumbnail__link\" href=\"https:\/\/better-hotel.com\/cs\/reseni\/kempy\/\">\n\t\t\t\t<div class=\"elementor-portfolio-item__img elementor-post__thumbnail\">\n\t\t\t<img loading=\"lazy\" width=\"300\" height=\"169\" src=\"https:\/\/better-hotel.com\/wp-content\/uploads\/sites\/11\/2020\/09\/rekreacni-arealy-300x169.jpg\" class=\"attachment-medium size-medium\" alt=\"\" decoding=\"async\" srcset=\"https:\/\/better-hotel.com\/wp-content\/uploads\/sites\/11\/2020\/09\/rekreacni-arealy-300x169.jpg 300w, https:\/\/better-hotel.com\/wp-content\/uploads\/sites\/11\/2020\/09\/rekreacni-arealy-1024x576.jpg 1024w, https:\/\/better-hotel.com\/wp-content\/uploads\/sites\/11\/2020\/09\/rekreacni-arealy-768x432.jpg 768w, https:\/\/better-hotel.com\/wp-content\/uploads\/sites\/11\/2020\/09\/rekreacni-arealy-1536x864.jpg 1536w, https:\/\/better-hotel.com\/wp-content\/uploads\/sites\/11\/2020\/09\/rekreacni-arealy.jpg 1920w\" sizes=\"(max-width: 300px) 100vw, 300px\" \/>\t\t<\/div>\n\t\t\t\t<div class=\"elementor-portfolio-item__overlay\">\n\t\t\t\t<h4 class=\"elementor-portfolio-item__title\">\n\t\tKempy\t\t<\/h4>\n\t\t\t\t<\/div>\n\t\t\t\t<\/a>\n\t\t<\/article>\n\t\t\t\t<\/div>\n\t\t\t\t<\/div>\n\t\t\t\t<\/div>\n\t\t\t\t\t\t<\/div>\n\t\t\t\t\t<\/div>\n\t\t<\/div>\n\t\t\t\t\t\t\t\t<\/div>\n\t\t\t\t\t<\/div>\n\t\t<\/section>\n\t\t\t\t<section class=\"elementor-section elementor-top-section elementor-element elementor-element-17b0ba0d elementor-section-height-min-height elementor-section-boxed elementor-section-height-default elementor-section-items-middle\" data-id=\"17b0ba0d\" data-element_type=\"section\" data-settings=\"{&quot;background_background&quot;:&quot;classic&quot;}\">\n\t\t\t\t\t\t<div class=\"elementor-container elementor-column-gap-default\">\n\t\t\t\t\t\t\t<div class=\"elementor-row\">\n\t\t\t\t\t<div class=\"elementor-column elementor-col-100 elementor-top-column elementor-element elementor-element-5c245739\" data-id=\"5c245739\" data-element_type=\"column\">\n\t\t\t<div class=\"elementor-column-wrap elementor-element-populated\">\n\t\t\t\t\t\t\t<div class=\"elementor-widget-wrap\">\n\t\t\t\t\t\t<div class=\"elementor-element elementor-element-3db16923 elementor-widget elementor-widget-heading\" data-id=\"3db16923\" data-element_type=\"widget\" data-widget_type=\"heading.default\">\n\t\t\t\t<div class=\"elementor-widget-container\">\n\t\t\t<div class=\"elementor-heading-title elementor-size-default\">\u201cRecep\u010dn\u00ed syst\u00e9m Better Hotel pat\u0159\u00ed mezi jedny z nejspolehliv\u011bj\u0161\u00edch a nejv\u00edce intuitivn\u00edch syst\u00e9m\u016f, kter\u00e9 jsme kdy u\u017e\u00edvali. Zau\u010den\u00ed nov\u00fdch koleg\u016f nem\u016f\u017ee b\u00fdt leh\u010d\u00ed!\u201d<\/div>\t\t<\/div>\n\t\t\t\t<\/div>\n\t\t\t\t<div class=\"elementor-element elementor-element-58dc3a02 elementor-widget-divider--view-line elementor-widget elementor-widget-divider\" data-id=\"58dc3a02\" data-element_type=\"widget\" data-widget_type=\"divider.default\">\n\t\t\t\t<div class=\"elementor-widget-container\">\n\t\t\t\t\t<div class=\"elementor-divider\">\n\t\t\t<span class=\"elementor-divider-separator\">\n\t\t\t\t\t\t<\/span>\n\t\t<\/div>\n\t\t\t\t<\/div>\n\t\t\t\t<\/div>\n\t\t\t\t<div class=\"elementor-element elementor-element-4298461 elementor-widget elementor-widget-heading\" data-id=\"4298461\" data-element_type=\"widget\" data-widget_type=\"heading.default\">\n\t\t\t\t<div class=\"elementor-widget-container\">\n\t\t\t<p class=\"elementor-heading-title elementor-size-default\">Iva Civ\u00ednov\u00e1 <\/br>\nPenzion Harmonie \u017dlutice<\/p>\t\t<\/div>\n\t\t\t\t<\/div>\n\t\t\t\t\t\t<\/div>\n\t\t\t\t\t<\/div>\n\t\t<\/div>\n\t\t\t\t\t\t\t\t<\/div>\n\t\t\t\t\t<\/div>\n\t\t<\/section>\n\t\t\t\t\t\t<\/div>\n\t\t\t\t\t\t<\/div>\n\t\t\t\t\t<\/div>\n\t\t","protected":false},"excerpt":{"rendered":"<p>M\u00e1me syst\u00e9m na m\u00edru pro ka\u017ed\u00e9ho A\u0165 jste mal\u00fd penzion nebo s\u00ed\u0165 n\u011bkolika hotel\u016f, na\u0161e \u0159e\u0161en\u00ed se V\u00e1m dok\u00e1\u017e\u00ed p\u0159izp\u016fsobit. Inspirujte se, jak mohou syst\u00e9my od Mevrisu pomoci pr\u00e1v\u011b Va\u0161emu za\u0159\u00edzen\u00ed! \u201cRecep\u010dn\u00ed syst\u00e9m Better Hotel pat\u0159\u00ed mezi jedny z nejspolehliv\u011bj\u0161\u00edch a nejv\u00edce intuitivn\u00edch syst\u00e9m\u016f, kter\u00e9 jsme kdy u\u017e\u00edvali. Zau\u010den\u00ed nov\u00fdch koleg\u016f nem\u016f\u017ee b\u00fdt leh\u010d\u00ed!\u201d Iva [&hellip;]<\/p>\n","protected":false},"author":1,"featured_media":0,"parent":0,"menu_order":0,"comment_status":"closed","ping_status":"closed","template":"elementor_header_footer","meta":{"footnotes":""},"aioseo_notices":[],"_links":{"self":[{"href":"https:\/\/better-hotel.com\/cs\/wp-json\/wp\/v2\/pages\/274"}],"collection":[{"href":"https:\/\/better-hotel.com\/cs\/wp-json\/wp\/v2\/pages"}],"about":[{"href":"https:\/\/better-hotel.com\/cs\/wp-json\/wp\/v2\/types\/page"}],"author":[{"embeddable":true,"href":"https:\/\/better-hotel.com\/cs\/wp-json\/wp\/v2\/users\/1"}],"replies":[{"embeddable":true,"href":"https:\/\/better-hotel.com\/cs\/wp-json\/wp\/v2\/comments?post=274"}],"version-history":[{"count":29,"href":"https:\/\/better-hotel.com\/cs\/wp-json\/wp\/v2\/pages\/274\/revisions"}],"predecessor-version":[{"id":10543,"href":"https:\/\/better-hotel.com\/cs\/wp-json\/wp\/v2\/pages\/274\/revisions\/10543"}],"wp:attachment":[{"href":"https:\/\/better-hotel.com\/cs\/wp-json\/wp\/v2\/media?parent=274"}],"curies":[{"name":"wp","href":"https:\/\/api.w.org\/{rel}","templated":true}]}}