{"id":13637,"date":"2026-01-13T15:59:00","date_gmt":"2026-01-13T14:59:00","guid":{"rendered":"https:\/\/better-hotel.com\/?page_id=13637"},"modified":"2026-01-13T16:10:09","modified_gmt":"2026-01-13T15:10:09","slug":"vop_pro_akce","status":"publish","type":"page","link":"https:\/\/better-hotel.com\/cs\/vop_pro_akce\/","title":{"rendered":"V\u0161eobecn\u00e9 obchodn\u00ed podm\u00ednky pro akce"},"content":{"rendered":"\t\t<div data-elementor-type=\"wp-page\" data-elementor-id=\"13637\" class=\"elementor elementor-13637\" data-elementor-settings=\"[]\">\n\t\t\t\t\t\t<div class=\"elementor-inner\">\n\t\t\t\t\t\t\t<div class=\"elementor-section-wrap\">\n\t\t\t\t\t\t\t<section class=\"elementor-section elementor-top-section elementor-element elementor-element-4cf8c72f elementor-section-boxed elementor-section-height-default elementor-section-height-default\" data-id=\"4cf8c72f\" data-element_type=\"section\">\n\t\t\t\t\t\t<div class=\"elementor-container elementor-column-gap-default\">\n\t\t\t\t\t\t\t<div class=\"elementor-row\">\n\t\t\t\t\t<div class=\"elementor-column elementor-col-100 elementor-top-column elementor-element elementor-element-1b9bc867\" data-id=\"1b9bc867\" data-element_type=\"column\">\n\t\t\t<div class=\"elementor-column-wrap elementor-element-populated\">\n\t\t\t\t\t\t\t<div class=\"elementor-widget-wrap\">\n\t\t\t\t\t\t<div class=\"elementor-element elementor-element-53fc8d46 elementor-widget elementor-widget-text-editor\" data-id=\"53fc8d46\" data-element_type=\"widget\" data-widget_type=\"text-editor.default\">\n\t\t\t\t<div class=\"elementor-widget-container\">\n\t\t\t\t\t<div class=\"elementor-text-editor elementor-clearfix\"><section class=\"privacy-policy\"><h1><b>Obchodn\u00ed podm\u00ednky pro akce<\/b><\/h1><p><span style=\"font-weight: 400;\">Vz\u00e1jemn\u00e1 pr\u00e1va a povinnosti Z\u00e1kazn\u00edka a Provozovatele p\u0159i \u00fa\u010dasti Z\u00e1kazn\u00edka na Akc\u00edch se \u0159\u00edd\u00ed t\u011bmito obchodn\u00edmi podm\u00ednkami (d\u00e1le jen &#8222;<\/span><i><span style=\"font-weight: 400;\">Obchodn\u00ed podm\u00ednky<\/span><\/i><span style=\"font-weight: 400;\">&#8222;) a V\u0161eobecn\u00fdmi obchodn\u00edmi podm\u00ednkami Provozovatele (d\u00e1le jen \u201c<\/span><i><span style=\"font-weight: 400;\">VOP<\/span><\/i><span style=\"font-weight: 400;\">\u201d).<\/span><\/p><p><b>Provozovatel<\/b><span style=\"font-weight: 400;\"><br \/><\/span><span style=\"font-weight: 400;\">Mevris Group s.r.o., I\u010cO: 02465345, se s\u00eddlem Rybn\u00e1 716\/24, Star\u00e9 M\u011bsto, 110 00 Praha 1<\/span><\/p><h4><b>Definice<\/b><\/h4><p><span style=\"font-weight: 400;\">V t\u011bchto Obchodn\u00edch podm\u00ednk\u00e1ch:<\/span><\/p><ul><li style=\"font-weight: 400;\" aria-level=\"1\"><span style=\"font-weight: 400;\">\u201cAkce\u201d znamen\u00e1 jednak konference, p\u0159edn\u00e1\u0161ky, kurzy a \u0161kolen\u00ed konan\u00e9 za fyzick\u00e9 p\u0159\u00edtomnosti Z\u00e1kazn\u00edk\u016f, tak online semin\u00e1\u0159e \u010di online webin\u00e1\u0159e a jak\u00e9koli jin\u00e9 vzd\u011bl\u00e1vac\u00ed akce po\u0159\u00e1dan\u00e9 Provozovatelem a nab\u00edzen\u00e9 jako Produkt na Port\u00e1lu<\/span><\/li><\/ul><h4><b>Objedn\u00e1vka<\/b><\/h4><ol><li style=\"font-weight: 400;\" aria-level=\"1\"><span style=\"font-weight: 400;\">Objedn\u00e1vky (d\u00e1le tak\u00e9 jako \u201cRegistrace\u201d) \u00fa\u010dasti na jednotliv\u00fdch Akc\u00edch p\u0159ij\u00edm\u00e1me prost\u0159ednictv\u00edm on-line p\u0159ihl\u00e1\u0161ek na Port\u00e1lu, e-mailem nebo telefonicky. Do\u0161l\u00e9 p\u0159ihl\u00e1\u0161ky jsou za\u0159azov\u00e1ny dle term\u00ednu doru\u010den\u00ed. Registrace je potvrzena a\u017e uhrazen\u00edm registra\u010dn\u00edho poplatku a potvrzen\u00edm jeho p\u0159ijet\u00ed zaslan\u00fdm na e-mail Z\u00e1kazn\u00edka.<\/span><\/li><li style=\"font-weight: 400;\" aria-level=\"1\"><span style=\"font-weight: 400;\">P\u0159i zad\u00e1v\u00e1n\u00ed objedn\u00e1vky prost\u0159ednictv\u00edm on-line p\u0159ihl\u00e1\u0161ky je Registrace u\u010din\u011bna kliknut\u00edm na tla\u010d\u00edtko \u201eObjednat\u201c, \u201eKoupit\u201c \u010di \u201eRegistrovat\u201c.<\/span><\/li><li style=\"font-weight: 400;\" aria-level=\"1\"><span style=\"font-weight: 400;\">V p\u0159\u00edpad\u011b, \u017ee je Akce poskytov\u00e1na formou digit\u00e1ln\u00edho obsahu (online semin\u00e1\u0159, webin\u00e1\u0159, online \u0161kolen\u00ed), je Z\u00e1kazn\u00edk \u2013 je-li spot\u0159ebitelem \u2013 p\u0159ed dokon\u010den\u00edm objedn\u00e1vky vyzv\u00e1n k ud\u011blen\u00ed v\u00fdslovn\u00e9ho souhlasu se zah\u00e1jen\u00edm pln\u011bn\u00ed p\u0159ed uplynut\u00edm lh\u016fty pro odstoupen\u00ed od smlouvy a k potvrzen\u00ed, \u017ee bere na v\u011bdom\u00ed ztr\u00e1tu pr\u00e1va na odstoupen\u00ed.<\/span><\/li><li style=\"font-weight: 400;\" aria-level=\"1\"><span style=\"font-weight: 400;\">Z\u00e1kazn\u00edk odpov\u00edd\u00e1 za spr\u00e1vnost \u00fadaj\u016f uveden\u00fdch v objedn\u00e1vce. Jak\u00e9koli zm\u011bny \u00fadaj\u016f je Z\u00e1kazn\u00edk povinen neprodlen\u011b ozn\u00e1mit Provozovateli.<\/span><\/li><li style=\"font-weight: 400;\" aria-level=\"1\"><span style=\"font-weight: 400;\">Po p\u0159ijet\u00ed objedn\u00e1vky obdr\u017e\u00ed Z\u00e1kazn\u00edk od provozovatele potvrzen\u00ed registrace na sd\u011blen\u00fd \u010di zadan\u00fd e-mail (d\u00e1le tak\u00e9 jako &#8222;Potvrzen\u00ed registrace&#8220;).<\/span><\/li><li style=\"font-weight: 400;\" aria-level=\"1\"><span style=\"font-weight: 400;\">\u00da\u010dastn\u00edky mlad\u0161\u00ed 16 let mus\u00ed registrovat jejich z\u00e1konn\u00fd z\u00e1stupce.<\/span><\/li><\/ol><h4><b>Cena<\/b><\/h4><ol><li style=\"font-weight: 400;\" aria-level=\"1\"><span style=\"font-weight: 400;\">Ceny Akc\u00ed jsou smluvn\u00ed a uv\u00e1d\u011bny jako kone\u010dn\u00e9 ceny v\u010detn\u011b DPH. Cena Akce (d\u00e1le tak\u00e9 jako \u201cRegistra\u010dn\u00ed poplatek\u201d) zahrnuje krom\u011b poplatku za \u00fa\u010dast na Akci tak\u00e9 cenu pot\u0159ebn\u00fdch podklad\u016f a materi\u00e1l\u016f, pou\u017eit\u00ed technick\u00e9ho vybaven\u00ed, pron\u00e1jem prostor a v p\u0159\u00edpad\u011b konferenc\u00ed, \u0161kolen\u00ed a kurz\u016f m\u016f\u017ee zahrnovat tak\u00e9 ob\u010derstven\u00ed.<\/span><\/li><li style=\"font-weight: 400;\" aria-level=\"1\"><span style=\"font-weight: 400;\">Je-li faktura vystavena v re\u017eimu One Stop Shop (OSS), kone\u010dn\u00e1 cena obsahuje DPH podle sazby platn\u00e9 v zemi z\u00e1kazn\u00edka.<\/span><\/li><li style=\"font-weight: 400;\" aria-level=\"1\"><span style=\"font-weight: 400;\">Je-li z\u00e1kazn\u00edkem pr\u00e1vnick\u00e1 osoba ze st\u00e1tu mimo Evropskou unii, bude fakturovan\u00e1 \u010d\u00e1stka rovn\u00e1 kone\u010dn\u00e9 cen\u011b. Z\u00e1kazn\u00edk je povinen s\u00e1m odv\u00e9st p\u0159\u00edpadn\u00e9 spot\u0159ebn\u00ed nebo jin\u00e9 dan\u011b podle z\u00e1kon\u016f sv\u00e9 zem\u011b. Z\u00e1kazn\u00edk m\u00e1 mo\u017enost p\u0159ed \u00fahradou informovat Provozovatele o podm\u00ednk\u00e1ch a v\u00fd\u0161i spot\u0159ebn\u00ed dan\u011b ve sv\u00e9 zemi a po\u017e\u00e1dat o sn\u00ed\u017een\u00ed fakturovan\u00e9 \u010d\u00e1stky o tuto da\u0148.<\/span><\/li><\/ol><h4><b>\u00dahrada<\/b><\/h4><ol><li style=\"font-weight: 400;\" aria-level=\"1\"><span style=\"font-weight: 400;\">Z\u00e1kazn\u00edk je po zad\u00e1n\u00ed objedn\u00e1vky povinen uhradit Provozovateli Registra\u010dn\u00ed poplatek.<\/span><\/li><li style=\"font-weight: 400;\" aria-level=\"1\"><span style=\"font-weight: 400;\">Registra\u010dn\u00ed poplatek je splatn\u00fd do 7 dn\u016f po zasl\u00e1n\u00ed Potvrzen\u00ed registrace.<\/span><\/li><\/ol><h4><b>Storno (online akce)<\/b><\/h4><ol><li style=\"font-weight: 400;\" aria-level=\"1\"><span style=\"font-weight: 400;\">Odesl\u00e1n\u00edm registra\u010dn\u00edho formul\u00e1\u0159e bere Z\u00e1kazn\u00edk, kter\u00fd jedn\u00e1 v r\u00e1mci sv\u00e9 podnikatelsk\u00e9 \u010dinnosti, na v\u011bdom\u00ed, \u017ee jeho registrace na online Akci je z\u00e1vazn\u00e1.<\/span><\/li><li style=\"font-weight: 400;\" aria-level=\"1\"><span style=\"font-weight: 400;\">Po potvrzen\u00ed registrace a uhrazen\u00ed registra\u010dn\u00edho poplatku nen\u00ed mo\u017en\u00e9 registraci zru\u0161it a uhrazen\u00fd registra\u010dn\u00ed poplatek se nevrac\u00ed, nen\u00ed-li v\u00fdslovn\u011b sjedn\u00e1no jinak.<\/span><\/li><li style=\"font-weight: 400;\" aria-level=\"1\"><span style=\"font-weight: 400;\">Je-li Z\u00e1kazn\u00edkem spot\u0159ebitel ve smyslu \u00a7 419 ob\u010dansk\u00e9ho z\u00e1kon\u00edku, plat\u00ed n\u00e1sleduj\u00edc\u00ed:<\/span><ol><li style=\"font-weight: 400;\" aria-level=\"2\"><span style=\"font-weight: 400;\">Spot\u0159ebitel m\u00e1 pr\u00e1vo odstoupit od smlouvy ve lh\u016ft\u011b 14 dn\u016f ode dne jej\u00edho uzav\u0159en\u00ed podle \u00a7 1829 ob\u010dansk\u00e9ho z\u00e1kon\u00edku.<\/span><\/li><li style=\"font-weight: 400;\" aria-level=\"2\"><span style=\"font-weight: 400;\">Toto pr\u00e1vo na odstoupen\u00ed zanik\u00e1, pokud:<\/span><ol><li style=\"font-weight: 400;\" aria-level=\"3\"><span style=\"font-weight: 400;\">se jedn\u00e1 o poskytov\u00e1n\u00ed digit\u00e1ln\u00edho obsahu nedod\u00e1van\u00e9ho na hmotn\u00e9m nosi\u010di (online semin\u00e1\u0159, webin\u00e1\u0159, online \u0161kolen\u00ed),<\/span><\/li><li style=\"font-weight: 400;\" aria-level=\"3\"><span style=\"font-weight: 400;\">pln\u011bn\u00ed bylo zah\u00e1jeno,<\/span><\/li><li style=\"font-weight: 400;\" aria-level=\"3\"><span style=\"font-weight: 400;\">spot\u0159ebitel p\u0159ed zah\u00e1jen\u00edm pln\u011bn\u00ed v\u00fdslovn\u011b souhlasil se zah\u00e1jen\u00edm pln\u011bn\u00ed p\u0159ed uplynut\u00edm lh\u016fty pro odstoupen\u00ed,<\/span><\/li><li style=\"font-weight: 400;\" aria-level=\"3\"><span style=\"font-weight: 400;\">a byl v\u00fdslovn\u011b pou\u010den, \u017ee t\u00edmto souhlasem ztr\u00e1c\u00ed pr\u00e1vo na odstoupen\u00ed od smlouvy<\/span><span style=\"font-weight: 400;\"><br \/><\/span><span style=\"font-weight: 400;\"> (v souladu s \u00a7 1837 p\u00edsm. l) ob\u010dansk\u00e9ho z\u00e1kon\u00edku).<\/span><\/li><\/ol><\/li><li style=\"font-weight: 400;\" aria-level=\"2\"><span style=\"font-weight: 400;\">Ud\u011blen\u00edm tohoto souhlasu spot\u0159ebitel bere na v\u011bdom\u00ed, \u017ee nem\u00e1 n\u00e1rok na vr\u00e1cen\u00ed registra\u010dn\u00edho poplatku.<\/span><\/li><\/ol><\/li><\/ol><h2><b>Organiza\u010dn\u00ed zm\u011bny<\/b><\/h2><p><span style=\"font-weight: 400;\">Provozovatel si vyhrazuje pr\u00e1vo zm\u011bny lektora \u010di \u0159e\u010dn\u00edka, programu, data Akce z organiza\u010dn\u00edch a provozn\u00edch d\u016fvod\u016f.\u00a0<\/span><\/p><h4><b>Zru\u0161en\u00ed akce<\/b><\/h4><p><span style=\"font-weight: 400;\">Provozovatel si vyhrazuje pr\u00e1vo Akci zru\u0161it z organiza\u010dn\u00edch, provozn\u00edch \u010di kapacitn\u00edch d\u016fvod\u016f. O zru\u0161en\u00ed Akce budou Z\u00e1kazn\u00edci neprodlen\u011b informov\u00e1ni prost\u0159ednictv\u00edm e-mailu nebo telefonicky. V p\u0159\u00edpad\u011b stanoven\u00ed nov\u00e9ho term\u00ednu bude tento Z\u00e1kazn\u00edk\u016fm ozn\u00e1men nejpozd\u011bji 7 kalend\u00e1\u0159n\u00edch dn\u016f p\u0159ed jeho kon\u00e1n\u00edm.<\/span><\/p><h4><b>Z\u00e1znam<\/b><\/h4><p><span style=\"font-weight: 400;\">Je-li z Akce poskytov\u00e1n z\u00e1znam, m\u016f\u017ee b\u00fdt p\u0159\u00edstup k n\u011bmu \u010dasov\u011b omezen a je ur\u010den v\u00fdhradn\u011b registrovan\u00e9mu Z\u00e1kazn\u00edkovi.<\/span><\/p><h4><b>Ochrana d\u00edla<\/b><\/h4><ol><li style=\"font-weight: 400;\" aria-level=\"1\"><span style=\"font-weight: 400;\">Ve\u0161ker\u00e9 podklady a materi\u00e1ly poskytnut\u00e9 v r\u00e1mci Akce, kter\u00e9 spl\u0148uj\u00ed znaky autorsk\u00e9ho d\u00edla ve smyslu Autorsk\u00e9ho z\u00e1kona, jsou autorskopr\u00e1vn\u011b chr\u00e1n\u011bny.<\/span><\/li><li style=\"font-weight: 400;\" aria-level=\"1\"><span style=\"font-weight: 400;\">\u017d\u00e1dn\u00fd z podklad\u016f ani jeho \u010d\u00e1st nesm\u00ed b\u00fdt bez p\u0159edchoz\u00edho p\u00edsemn\u00e9ho souhlasu Provozovatele jak\u00fdmkoliv zp\u016fsobem Z\u00e1kazn\u00edkem d\u00e1le zpracov\u00e1v\u00e1n, kop\u00edrov\u00e1n, roz\u0161i\u0159ov\u00e1n, komer\u010dn\u011b vyu\u017e\u00edv\u00e1n nebo vyu\u017e\u00edv\u00e1n k ve\u0159ejn\u00fdm prezentac\u00edm.<\/span><\/li><\/ol><h4><b>Ochrana osobn\u00edch \u00fadaj\u016f<\/b><\/h4><p><span style=\"font-weight: 400;\">Ve\u0161ker\u00e9 zpracov\u00e1n\u00ed osobn\u00edch \u00fadaj\u016f a nakl\u00e1d\u00e1n\u00ed s osobn\u00edmi \u00fadaji Z\u00e1kazn\u00edk\u016f se \u0159\u00edd\u00ed Z\u00e1sadami ochrany osobn\u00edch \u00fadaj\u016f Provozovatele, dostupn\u00fdmi na Internetov\u00e9 adrese:\u00a0<\/span><\/p><h4><b>P\u0159\u00edm\u00fd marketing (opr\u00e1vn\u011bn\u00fd z\u00e1jem)<\/b><\/h4><ol><li style=\"font-weight: 400;\" aria-level=\"1\"><span style=\"font-weight: 400;\">Pokud se stanete na\u0161imi z\u00e1kazn\u00edky tak sou\u010d\u00e1st\u00ed zpracov\u00e1n\u00ed osobn\u00edch \u00fadaj\u016f m\u016f\u017ee b\u00fdt i zas\u00edl\u00e1n\u00ed newsletteru a obchodn\u00edch sd\u011blen\u00ed za \u00fa\u010delem p\u0159\u00edm\u00e9ho marketingu. Ty budou obsahovat zejm\u00e9na pozv\u00e1nky na nov\u00e9 ro\u010dn\u00edky konferenc\u00ed, nab\u00eddky navazuj\u00edc\u00edch \u0161kolen\u00ed \u010di slu\u017eeb, speci\u00e1ln\u00ed akce a slevy.<\/span><\/li><li style=\"font-weight: 400;\" aria-level=\"1\"><span style=\"font-weight: 400;\">Obchodn\u00ed sd\u011blen\u00ed p\u0159\u00edm\u00e9ho marketingu budeme pos\u00edlat pouze v p\u0159im\u011b\u0159en\u00e9 m\u00ed\u0159e (obvykle 1x m\u011bs\u00ed\u010dn\u011b, maxim\u00e1ln\u011b 3x m\u011bs\u00ed\u010dn\u011b) a pouze pokud se budeme opr\u00e1vn\u011bn\u011b domn\u00edvat, \u017ee by v\u00e1s nab\u00eddka mohla zaj\u00edmat.<\/span><\/li><li style=\"font-weight: 400;\" aria-level=\"1\"><span style=\"font-weight: 400;\">Zpracov\u00e1n\u00ed Va\u0161ich osobn\u00edch \u00fadaj\u016f za \u00fa\u010delem p\u0159\u00edm\u00e9ho marketingu m\u016f\u017eete kdykoliv odm\u00edtnout a nebude to m\u00edt vliv na na\u0161e jin\u00e9 vz\u00e1jemn\u00e9 vztahy. Sta\u010d\u00ed kliknout na odhla\u0161ovac\u00ed odkaz v obdr\u017een\u00e9m obchodn\u00edm sd\u011blen\u00ed nebo n\u00e1m zaslat e-mail s p\u0159\u00edslu\u0161nou \u017e\u00e1dost\u00ed na adresu, ze kter\u00e9 jste od n\u00e1s obdr\u017eeli obchodn\u00ed sd\u011blen\u00ed.<\/span><\/li><li style=\"font-weight: 400;\" aria-level=\"1\"><span style=\"font-weight: 400;\">Pr\u00e1vn\u00edm z\u00e1kladem takov\u00e9ho zpracov\u00e1n\u00ed je n\u00e1\u0161 opr\u00e1vn\u011bn\u00fd z\u00e1jem.<\/span><\/li><\/ol><h4><b>\u00da\u010dinnost<\/b><\/h4><p><span style=\"font-weight: 400;\">Tyto Obchodn\u00ed podm\u00ednky vstupuj\u00ed v \u00fa\u010dinnost dne 2. 1. 2026.<\/span><\/p><h2 data-start=\"548\" data-end=\"585\"><br \/><br \/><\/h2><\/section><\/div>\n\t\t\t\t<\/div>\n\t\t\t\t<\/div>\n\t\t\t\t\t\t<\/div>\n\t\t\t\t\t<\/div>\n\t\t<\/div>\n\t\t\t\t\t\t\t\t<\/div>\n\t\t\t\t\t<\/div>\n\t\t<\/section>\n\t\t\t\t\t\t<\/div>\n\t\t\t\t\t\t<\/div>\n\t\t\t\t\t<\/div>\n\t\t","protected":false},"excerpt":{"rendered":"<p>Z\u00e1sady ochrany osobn\u00edch \u00fadaj\u016f Mevris Group s.r.o. 1. \u00davodn\u00ed ustanoven\u00ed 1.1Spole\u010dnost Mevris Group s.r.o., se s\u00eddlem Rybn\u00e1 716\/24, Star\u00e9 M\u011bsto, 110 00 Praha 1, I\u010cO 024 65 345, zapsan\u00e1 v obchodn\u00edm rejst\u0159\u00edku veden\u00e9m u M\u011bstsk\u00e9ho soudu v Praze, odd\u00edl C, vlo\u017eka 219677 (d\u00e1le jen \u201eSpole\u010dnost\u201c), vyd\u00e1v\u00e1 tyto Z\u00e1sady ochrany osobn\u00edch \u00fadaj\u016f (d\u00e1le jen \u201eZ\u00e1sady\u201c), kter\u00e9 [&hellip;]<\/p>\n","protected":false},"author":1,"featured_media":0,"parent":0,"menu_order":0,"comment_status":"closed","ping_status":"closed","template":"elementor_header_footer","meta":{"footnotes":""},"aioseo_notices":[],"_links":{"self":[{"href":"https:\/\/better-hotel.com\/cs\/wp-json\/wp\/v2\/pages\/13637"}],"collection":[{"href":"https:\/\/better-hotel.com\/cs\/wp-json\/wp\/v2\/pages"}],"about":[{"href":"https:\/\/better-hotel.com\/cs\/wp-json\/wp\/v2\/types\/page"}],"author":[{"embeddable":true,"href":"https:\/\/better-hotel.com\/cs\/wp-json\/wp\/v2\/users\/1"}],"replies":[{"embeddable":true,"href":"https:\/\/better-hotel.com\/cs\/wp-json\/wp\/v2\/comments?post=13637"}],"version-history":[{"count":5,"href":"https:\/\/better-hotel.com\/cs\/wp-json\/wp\/v2\/pages\/13637\/revisions"}],"predecessor-version":[{"id":13642,"href":"https:\/\/better-hotel.com\/cs\/wp-json\/wp\/v2\/pages\/13637\/revisions\/13642"}],"wp:attachment":[{"href":"https:\/\/better-hotel.com\/cs\/wp-json\/wp\/v2\/media?parent=13637"}],"curies":[{"name":"wp","href":"https:\/\/api.w.org\/{rel}","templated":true}]}}